{"id":13822,"date":"2023-06-20T12:22:09","date_gmt":"2023-06-20T10:22:09","guid":{"rendered":"https:\/\/caracolvan2.demosbluefish.es\/home-vans\/"},"modified":"2023-06-20T12:22:09","modified_gmt":"2023-06-20T10:22:09","slug":"home-vans","status":"publish","type":"page","link":"https:\/\/caracolvan.com\/de\/home-vans\/","title":{"rendered":"Home - Vans"},"content":{"rendered":"\n<div class=\"wrap plugin-container\">\n\n\t\n\t\n\t<h3 class=\"vrc-main-title\">Caracolvan - Alquiler Campervan Rentals<\/h3><div class=\"vrc-search-results-block vrc-search-results-block-list\">\r\n\r\n\t<div class=\"car_result\">\r\n\t\t<div class=\"vrc-car-result-left\">\r\n\t\t\t\t\t<img decoding=\"async\" class=\"imgresult\" alt=\"VW T6 CALIFORNIA\" src=\"https:\/\/caracolvan.com\/wp-content\/plugins\/vikrentcar\/admin\/resources\/vthumb_177342079_296396768726729_5447032849363898077_n.jpg\"\/>\r\n\t\t\t\t\t<\/div>\r\n\t\t<div class=\"vrc-car-result-right\">\r\n\t\t\t<div class=\"vrc-car-result-rightinner\">\r\n\t\t\t\t<div class=\"vrc-car-result-rightinner-deep\">\r\n\t\t\t\t\t<div class=\"vrc-car-result-inner\">\r\n\t\t\t\t\t\t<h4 class=\"vrc-car-name\">\r\n\t\t\t\t\t\t\t<a href=\"https:\/\/caracolvan.com\/de\/home-vans\/?option=com_vikrentcar&amp;view=cardetails&amp;carid=1\">VW T6 CALIFORNIA<\/a>\r\n\t\t\t\t\t\t<\/h4>\r\n\t\t\t\t\t\t\t\t\t\t\t<div class=\"vrc-car-result-description\">\r\n\t\t\t\t\t\tDer neue VW T6 California braucht keine eine gro\u00dfe Vorstellung; es ist das ber\u00fchmteste Camper Van Modell der Welt. Volkswagen ist seinen Prinzipien treu geblieben und hat einen Freizeit- und Erholungsvan entwickelt. Das Resultat ist der neue VW T6 California TDI, ein Fahrzeug mit der Qualit\u00e4t und Sicherheit einer deutschen Marke, aber auch mit der kompletten Ausstattung die man braucht, um einen Urlaub mit seinem Partner, Freunden oder Familie zu genie\u00dfen.\t\t\t\t\t\t<\/div>\r\n\t\t\t\t\t\t\t\t\t\t\t\t\t<div class=\"vrc-car-characteristics\">\r\n\t\t\t\t\t\t\t\t<div class=\"vrccaratsdiv\"><div class=\"vrccarcarat\"><span class=\"vrc-carat-cont\"><span class=\"vrc-expl\" data-vrc-expl=\"4 Passagiere\"><img decoding=\"async\" src=\"https:\/\/caracolvan.com\/wp-content\/plugins\/vikrentcar\/admin\/resources\/group_83_1.png\" alt=\"4 Passagiere\" \/><\/span><\/span>\n<\/div><div class=\"vrccarcarat\"><span class=\"vrc-carat-cont\"><span class=\"vrc-expl\" data-vrc-expl=\"4 Pl\u00e4tze Nacht\"><img decoding=\"async\" src=\"https:\/\/caracolvan.com\/wp-content\/plugins\/vikrentcar\/admin\/resources\/group_84.png\" alt=\"4 Pl\u00e4tze Nacht\" \/><\/span><\/span>\n<\/div><div class=\"vrccarcarat\"><span class=\"vrc-carat-cont\"><span class=\"vrc-expl\" data-vrc-expl=\"K\u00fcche\"><img decoding=\"async\" src=\"https:\/\/caracolvan.com\/wp-content\/plugins\/vikrentcar\/admin\/resources\/icon-cocina.jpg\" alt=\"K\u00fcche\" \/><\/span><\/span>\n<\/div><div class=\"vrccarcarat\"><span class=\"vrc-carat-cont\"><span class=\"vrc-expl\" data-vrc-expl=\"Isofix\"><img decoding=\"async\" src=\"https:\/\/caracolvan.com\/wp-content\/plugins\/vikrentcar\/admin\/resources\/isofix.jpg\" alt=\"Isofix\" \/><\/span><\/span>\n<\/div><div class=\"vrccarcarat\"><span class=\"vrc-carat-cont\"><span class=\"vrc-expl\" data-vrc-expl=\"K\u00fchlschrank\"><img decoding=\"async\" src=\"https:\/\/caracolvan.com\/wp-content\/plugins\/vikrentcar\/admin\/resources\/icon-nevera.jpg\" alt=\"K\u00fchlschrank\" \/><\/span><\/span>\n<\/div><div class=\"vrccarcarat\"><span class=\"vrc-carat-cont\"><span class=\"vrc-expl\" data-vrc-expl=\"Drehbare Sitze\"><img decoding=\"async\" src=\"https:\/\/caracolvan.com\/wp-content\/plugins\/vikrentcar\/admin\/resources\/icon-asientos-giratorios.jpg\" alt=\"Drehbare Sitze\" \/><\/span><\/span>\n<\/div><div class=\"vrccarcarat\"><span class=\"vrc-carat-cont\"><span class=\"vrc-expl\" data-vrc-expl=\"Aufstelldach\"><img decoding=\"async\" src=\"https:\/\/caracolvan.com\/wp-content\/plugins\/vikrentcar\/admin\/resources\/icon-techo-elevable.jpg\" alt=\"Aufstelldach\" \/><\/span><\/span>\n<\/div><div class=\"vrccarcarat\"><span class=\"vrc-carat-cont\"><span class=\"vrc-expl\" data-vrc-expl=\"Dusche\"><img decoding=\"async\" src=\"https:\/\/caracolvan.com\/wp-content\/plugins\/vikrentcar\/admin\/resources\/icon-ducha-exterior.jpg\" alt=\"Dusche\" \/><\/span><\/span>\n<\/div><div class=\"vrccarcarat\"><span class=\"vrc-carat-cont\"><span class=\"vrc-expl\" data-vrc-expl=\"50L Wassertank\"><img decoding=\"async\" src=\"https:\/\/caracolvan.com\/wp-content\/plugins\/vikrentcar\/admin\/resources\/icon-deposito-agua-50l.jpg\" alt=\"50L Wassertank\" \/><\/span><\/span>\n<\/div><div class=\"vrccarcarat\"><span class=\"vrc-carat-cont\"><span class=\"vrc-expl\" data-vrc-expl=\"Zusatzbatterie\"><img decoding=\"async\" src=\"https:\/\/caracolvan.com\/wp-content\/plugins\/vikrentcar\/admin\/resources\/icon-bateria-auxiliar.jpg\" alt=\"Zusatzbatterie\" \/><\/span><\/span>\n<\/div><div class=\"vrccarcarat\"><span class=\"vrc-carat-cont\"><span class=\"vrc-expl\" data-vrc-expl=\"Heizung\"><img decoding=\"async\" src=\"https:\/\/caracolvan.com\/wp-content\/plugins\/vikrentcar\/admin\/resources\/icon-calefaccion-auto.jpg\" alt=\"Heizung\" \/><\/span><\/span>\n<\/div><\/div>\n\t\t\t\t\t\t\t<\/div>\r\n\t\t\t\t\t\t\t\t\t\t\t\t<\/div>\r\n\t\t\t\t\t<div class=\"vrc-car-lastblock\">\r\n\t\t\t\t\t\t<div class=\"vrc-car-price\">\r\n\t\t\t\t\t\t\t<div class=\"vrcsrowpricediv\">\r\n\t\t\t\t\t\t\t\t\t\t\t\t\t\t\t<span class=\"vrcstartfrom\">ab<\/span>\r\n\t\t\t\t\t\t\t\t<span class=\"car_cost\"><span class=\"vrc_currency\">\u20ac<\/span> <span class=\"vrc_price\">95.00<\/span><\/span>\r\n\t\t\t\t\t\t\t\t\t\t\t\t\t\t<\/div>\r\n\t\t\t\t\t\t<\/div>\r\n\t\t\t\t\t\t<div class=\"vrc-car-bookingbtn\">\r\n\t\t\t\t\t\t\t<span class=\"vrclistgoon\"><a class=\"btn vrc-pref-color-btn\" href=\"https:\/\/caracolvan.com\/de\/home-vans\/?option=com_vikrentcar&amp;view=cardetails&amp;carid=1\">Details anzeigen<\/a><\/span>\r\n\t\t\t\t\t\t<\/div>\r\n\t\t\t\t\t<\/div>\r\n\t\t\t\t<\/div>\r\n\t\t\t<\/div>\r\n\t\t<\/div>\r\n\t<\/div>\r\n\t\t<div class=\"car_result\">\r\n\t\t<div class=\"vrc-car-result-left\">\r\n\t\t\t\t\t<img decoding=\"async\" class=\"imgresult\" alt=\"MAXI CAMPER (WEINSBERG \u2013 CLEVER)\" src=\"https:\/\/caracolvan.com\/wp-content\/plugins\/vikrentcar\/admin\/resources\/vthumb_177342079_296396768726729_5447032849363898077_n_2.png\"\/>\r\n\t\t\t\t\t<\/div>\r\n\t\t<div class=\"vrc-car-result-right\">\r\n\t\t\t<div class=\"vrc-car-result-rightinner\">\r\n\t\t\t\t<div class=\"vrc-car-result-rightinner-deep\">\r\n\t\t\t\t\t<div class=\"vrc-car-result-inner\">\r\n\t\t\t\t\t\t<h4 class=\"vrc-car-name\">\r\n\t\t\t\t\t\t\t<a href=\"https:\/\/caracolvan.com\/de\/home-vans\/?option=com_vikrentcar&amp;view=cardetails&amp;carid=4\">MAXI CAMPER (WEINSBERG \u2013 CLEVER)<\/a>\r\n\t\t\t\t\t\t<\/h4>\r\n\t\t\t\t\t\t\t\t\t\t\t<div class=\"vrc-car-result-description\">\r\n\t\t\t\t\t\tWenn Sie die Freiheit des Reisens in einem Wohnmobil genie\u00dfen m\u00f6chten, ohne auf irgendetwas zu verzichten, ist der Maxi Camper Ihr Transporter. Maximal ausgestattet, mit K\u00fcche, K\u00fchlschrank, zwei Doppelbetten und das Beste, einem Innenbadezimmer mit Warmwasserdusche.\t\t\t\t\t\t<\/div>\r\n\t\t\t\t\t\t\t\t\t\t\t\t\t<div class=\"vrc-car-characteristics\">\r\n\t\t\t\t\t\t\t\t<div class=\"vrccaratsdiv\"><div class=\"vrccarcarat\"><span class=\"vrc-carat-cont\"><span class=\"vrc-expl\" data-vrc-expl=\"4 Passagiere\"><img decoding=\"async\" src=\"https:\/\/caracolvan.com\/wp-content\/plugins\/vikrentcar\/admin\/resources\/group_83_1.png\" alt=\"4 Passagiere\" \/><\/span><\/span>\n<\/div><div class=\"vrccarcarat\"><span class=\"vrc-carat-cont\"><span class=\"vrc-expl\" data-vrc-expl=\"4 Pl\u00e4tze Nacht\"><img decoding=\"async\" src=\"https:\/\/caracolvan.com\/wp-content\/plugins\/vikrentcar\/admin\/resources\/group_84.png\" alt=\"4 Pl\u00e4tze Nacht\" \/><\/span><\/span>\n<\/div><div class=\"vrccarcarat\"><span class=\"vrc-carat-cont\"><span class=\"vrc-expl\" data-vrc-expl=\"K\u00fcche\"><img decoding=\"async\" src=\"https:\/\/caracolvan.com\/wp-content\/plugins\/vikrentcar\/admin\/resources\/icon-cocina.jpg\" alt=\"K\u00fcche\" \/><\/span><\/span>\n<\/div><div class=\"vrccarcarat\"><span class=\"vrc-carat-cont\"><span class=\"vrc-expl\" data-vrc-expl=\"Toilette\"><img decoding=\"async\" src=\"https:\/\/caracolvan.com\/wp-content\/plugins\/vikrentcar\/admin\/resources\/icon-wc.jpg\" alt=\"Toilette\" \/><\/span><\/span>\n<\/div><div class=\"vrccarcarat\"><span class=\"vrc-carat-cont\"><span class=\"vrc-expl\" data-vrc-expl=\"Sonnenkollektor\"><img decoding=\"async\" src=\"https:\/\/caracolvan.com\/wp-content\/plugins\/vikrentcar\/admin\/resources\/icon-placa-solar.jpg\" alt=\"Sonnenkollektor\" \/><\/span><\/span>\n<\/div><div class=\"vrccarcarat\"><span class=\"vrc-carat-cont\"><span class=\"vrc-expl\" data-vrc-expl=\"K\u00fchlschrank\"><img decoding=\"async\" src=\"https:\/\/caracolvan.com\/wp-content\/plugins\/vikrentcar\/admin\/resources\/icon-nevera.jpg\" alt=\"K\u00fchlschrank\" \/><\/span><\/span>\n<\/div><div class=\"vrccarcarat\"><span class=\"vrc-carat-cont\"><span class=\"vrc-expl\" data-vrc-expl=\"Drehbare Sitze\"><img decoding=\"async\" src=\"https:\/\/caracolvan.com\/wp-content\/plugins\/vikrentcar\/admin\/resources\/icon-asientos-giratorios.jpg\" alt=\"Drehbare Sitze\" \/><\/span><\/span>\n<\/div><div class=\"vrccarcarat\"><span class=\"vrc-carat-cont\"><span class=\"vrc-expl\" data-vrc-expl=\"Dusche\"><img decoding=\"async\" src=\"https:\/\/caracolvan.com\/wp-content\/plugins\/vikrentcar\/admin\/resources\/icon-ducha-exterior.jpg\" alt=\"Dusche\" \/><\/span><\/span>\n<\/div><div class=\"vrccarcarat\"><span class=\"vrc-carat-cont\"><span class=\"vrc-expl\" data-vrc-expl=\"Hei\u00dfes Wasser\"><img decoding=\"async\" src=\"https:\/\/caracolvan.com\/wp-content\/plugins\/vikrentcar\/admin\/resources\/icon-agua-caliente.jpg\" alt=\"Hei\u00dfes Wasser\" \/><\/span><\/span>\n<\/div><div class=\"vrccarcarat\"><span class=\"vrc-carat-cont\"><span class=\"vrc-expl\" data-vrc-expl=\"Badezimmer\"><img decoding=\"async\" src=\"https:\/\/caracolvan.com\/wp-content\/plugins\/vikrentcar\/admin\/resources\/icon-bano.jpg\" alt=\"Badezimmer\" \/><\/span><\/span>\n<\/div><div class=\"vrccarcarat\"><span class=\"vrc-carat-cont\"><span class=\"vrc-expl\" data-vrc-expl=\"90L Wassertank\"><img decoding=\"async\" src=\"https:\/\/caracolvan.com\/wp-content\/plugins\/vikrentcar\/admin\/resources\/icon-deposito-agua-90l.jpg\" alt=\"90L Wassertank\" \/><\/span><\/span>\n<\/div><div class=\"vrccarcarat\"><span class=\"vrc-carat-cont\"><span class=\"vrc-expl\" data-vrc-expl=\"Zusatzbatterie\"><img decoding=\"async\" src=\"https:\/\/caracolvan.com\/wp-content\/plugins\/vikrentcar\/admin\/resources\/icon-bateria-auxiliar.jpg\" alt=\"Zusatzbatterie\" \/><\/span><\/span>\n<\/div><div class=\"vrccarcarat\"><span class=\"vrc-carat-cont\"><span class=\"vrc-expl\" data-vrc-expl=\"Heizung\"><img decoding=\"async\" src=\"https:\/\/caracolvan.com\/wp-content\/plugins\/vikrentcar\/admin\/resources\/icon-calefaccion-auto.jpg\" alt=\"Heizung\" \/><\/span><\/span>\n<\/div><\/div>\n\t\t\t\t\t\t\t<\/div>\r\n\t\t\t\t\t\t\t\t\t\t\t\t<\/div>\r\n\t\t\t\t\t<div class=\"vrc-car-lastblock\">\r\n\t\t\t\t\t\t<div class=\"vrc-car-price\">\r\n\t\t\t\t\t\t\t<div class=\"vrcsrowpricediv\">\r\n\t\t\t\t\t\t\t\t\t\t\t\t\t\t\t<span class=\"vrcstartfrom\">ab<\/span>\r\n\t\t\t\t\t\t\t\t<span class=\"car_cost\"><span class=\"vrc_currency\">\u20ac<\/span> <span class=\"vrc_price\">99.00<\/span><\/span>\r\n\t\t\t\t\t\t\t\t\t\t\t\t\t\t<\/div>\r\n\t\t\t\t\t\t<\/div>\r\n\t\t\t\t\t\t<div class=\"vrc-car-bookingbtn\">\r\n\t\t\t\t\t\t\t<span class=\"vrclistgoon\"><a class=\"btn vrc-pref-color-btn\" href=\"https:\/\/caracolvan.com\/de\/home-vans\/?option=com_vikrentcar&amp;view=cardetails&amp;carid=4\">Details anzeigen<\/a><\/span>\r\n\t\t\t\t\t\t<\/div>\r\n\t\t\t\t\t<\/div>\r\n\t\t\t\t<\/div>\r\n\t\t\t<\/div>\r\n\t\t<\/div>\r\n\t<\/div>\r\n\t\t<div class=\"car_result\">\r\n\t\t<div class=\"vrc-car-result-left\">\r\n\t\t\t\t\t<img decoding=\"async\" class=\"imgresult\" alt=\"PICK-UP CAMPER 4\u00d74\" src=\"https:\/\/caracolvan.com\/wp-content\/plugins\/vikrentcar\/admin\/resources\/vthumb_celula-camper-4x4-alquiler.jpg\"\/>\r\n\t\t\t\t\t<\/div>\r\n\t\t<div class=\"vrc-car-result-right\">\r\n\t\t\t<div class=\"vrc-car-result-rightinner\">\r\n\t\t\t\t<div class=\"vrc-car-result-rightinner-deep\">\r\n\t\t\t\t\t<div class=\"vrc-car-result-inner\">\r\n\t\t\t\t\t\t<h4 class=\"vrc-car-name\">\r\n\t\t\t\t\t\t\t<a href=\"https:\/\/caracolvan.com\/de\/home-vans\/?option=com_vikrentcar&amp;view=cardetails&amp;carid=5\">PICK-UP CAMPER 4\u00d74<\/a>\r\n\t\t\t\t\t\t<\/h4>\r\n\t\t\t\t\t\t\t\t\t\t\t<div class=\"vrc-car-result-description\">\r\n\t\t\t\t\t\tDie Kombi eines 4\u00d74 und einer Wohnkabine gibt Ihren Reisen un\u00fcbertroffene Freiheit. Die prestigetr\u00e4chtige Azalai Lababaouch-Wohnkabine ist mit allem ausgestattet, was f\u00fcr ein komfortables Leben an Bord f\u00fcr zwei Erwachsene oder eine Familie erforderlich ist, und ist auf einen 4\u00d74-DoKa-Pick-up der neuesten Generation gesetzt. Mit diesem Kombi mit Allradantrieb fangen Sie dort an, wo andere gar nicht erst hinkommen, diese zus\u00e4tzliche Sicherheit in Ihrem Abenteuer-Wohnmobil bietet Ihnen eine schnelle unbegrenzte Freiheit.\t\t\t\t\t\t<\/div>\r\n\t\t\t\t\t\t\t\t\t\t\t\t\t<div class=\"vrc-car-characteristics\">\r\n\t\t\t\t\t\t\t\t<div class=\"vrccaratsdiv\"><div class=\"vrccarcarat\"><span class=\"vrc-carat-cont\"><span class=\"vrc-expl\" data-vrc-expl=\"5 Passagiere\"><img decoding=\"async\" src=\"https:\/\/caracolvan.com\/wp-content\/plugins\/vikrentcar\/admin\/resources\/1group_83_1.png\" alt=\"5 Passagiere\" \/><\/span><\/span>\n<\/div><div class=\"vrccarcarat\"><span class=\"vrc-carat-cont\"><span class=\"vrc-expl\" data-vrc-expl=\"4 Pl\u00e4tze Nacht\"><img decoding=\"async\" src=\"https:\/\/caracolvan.com\/wp-content\/plugins\/vikrentcar\/admin\/resources\/group_84.png\" alt=\"4 Pl\u00e4tze Nacht\" \/><\/span><\/span>\n<\/div><div class=\"vrccarcarat\"><span class=\"vrc-carat-cont\"><span class=\"vrc-expl\" data-vrc-expl=\"K\u00fcche\"><img decoding=\"async\" src=\"https:\/\/caracolvan.com\/wp-content\/plugins\/vikrentcar\/admin\/resources\/icon-cocina.jpg\" alt=\"K\u00fcche\" \/><\/span><\/span>\n<\/div><div class=\"vrccarcarat\"><span class=\"vrc-carat-cont\"><span class=\"vrc-expl\" data-vrc-expl=\"Toilette\"><img decoding=\"async\" src=\"https:\/\/caracolvan.com\/wp-content\/plugins\/vikrentcar\/admin\/resources\/icon-wc.jpg\" alt=\"Toilette\" \/><\/span><\/span>\n<\/div><div class=\"vrccarcarat\"><span class=\"vrc-carat-cont\"><span class=\"vrc-expl\" data-vrc-expl=\"Sonnenkollektor\"><img decoding=\"async\" src=\"https:\/\/caracolvan.com\/wp-content\/plugins\/vikrentcar\/admin\/resources\/icon-placa-solar.jpg\" alt=\"Sonnenkollektor\" \/><\/span><\/span>\n<\/div><div class=\"vrccarcarat\"><span class=\"vrc-carat-cont\"><span class=\"vrc-expl\" data-vrc-expl=\"Isofix\"><img decoding=\"async\" src=\"https:\/\/caracolvan.com\/wp-content\/plugins\/vikrentcar\/admin\/resources\/isofix.jpg\" alt=\"Isofix\" \/><\/span><\/span>\n<\/div><div class=\"vrccarcarat\"><span class=\"vrc-carat-cont\"><span class=\"vrc-expl\" data-vrc-expl=\"K\u00fchlschrank\"><img decoding=\"async\" src=\"https:\/\/caracolvan.com\/wp-content\/plugins\/vikrentcar\/admin\/resources\/icon-nevera.jpg\" alt=\"K\u00fchlschrank\" \/><\/span><\/span>\n<\/div><div class=\"vrccarcarat\"><span class=\"vrc-carat-cont\"><span class=\"vrc-expl\" data-vrc-expl=\"Aufstelldach\"><img decoding=\"async\" src=\"https:\/\/caracolvan.com\/wp-content\/plugins\/vikrentcar\/admin\/resources\/icon-techo-elevable.jpg\" alt=\"Aufstelldach\" \/><\/span><\/span>\n<\/div><div class=\"vrccarcarat\"><span class=\"vrc-carat-cont\"><span class=\"vrc-expl\" data-vrc-expl=\"Dusche\"><img decoding=\"async\" src=\"https:\/\/caracolvan.com\/wp-content\/plugins\/vikrentcar\/admin\/resources\/icon-ducha-exterior.jpg\" alt=\"Dusche\" \/><\/span><\/span>\n<\/div><div class=\"vrccarcarat\"><span class=\"vrc-carat-cont\"><span class=\"vrc-expl\" data-vrc-expl=\"Hei\u00dfes Wasser\"><img decoding=\"async\" src=\"https:\/\/caracolvan.com\/wp-content\/plugins\/vikrentcar\/admin\/resources\/icon-agua-caliente.jpg\" alt=\"Hei\u00dfes Wasser\" \/><\/span><\/span>\n<\/div><div class=\"vrccarcarat\"><span class=\"vrc-carat-cont\"><span class=\"vrc-expl\" data-vrc-expl=\"Badezimmer\"><img decoding=\"async\" src=\"https:\/\/caracolvan.com\/wp-content\/plugins\/vikrentcar\/admin\/resources\/icon-bano.jpg\" alt=\"Badezimmer\" \/><\/span><\/span>\n<\/div><div class=\"vrccarcarat\"><span class=\"vrc-carat-cont\"><span class=\"vrc-expl\" data-vrc-expl=\"110L Wassertank\"><img decoding=\"async\" src=\"https:\/\/caracolvan.com\/wp-content\/plugins\/vikrentcar\/admin\/resources\/icon-deposito-agua-110l.jpg\" alt=\"110L Wassertank\" \/><\/span><\/span>\n<\/div><div class=\"vrccarcarat\"><span class=\"vrc-carat-cont\"><span class=\"vrc-expl\" data-vrc-expl=\"Zusatzbatterie\"><img decoding=\"async\" src=\"https:\/\/caracolvan.com\/wp-content\/plugins\/vikrentcar\/admin\/resources\/icon-bateria-auxiliar.jpg\" alt=\"Zusatzbatterie\" \/><\/span><\/span>\n<\/div><div class=\"vrccarcarat\"><span class=\"vrc-carat-cont\"><span class=\"vrc-expl\" data-vrc-expl=\"Heizung\"><img decoding=\"async\" src=\"https:\/\/caracolvan.com\/wp-content\/plugins\/vikrentcar\/admin\/resources\/icon-calefaccion-auto.jpg\" alt=\"Heizung\" \/><\/span><\/span>\n<\/div><\/div>\n\t\t\t\t\t\t\t<\/div>\r\n\t\t\t\t\t\t\t\t\t\t\t\t<\/div>\r\n\t\t\t\t\t<div class=\"vrc-car-lastblock\">\r\n\t\t\t\t\t\t<div class=\"vrc-car-price\">\r\n\t\t\t\t\t\t\t<div class=\"vrcsrowpricediv\">\r\n\t\t\t\t\t\t\t\t\t\t\t\t\t\t\t<span class=\"vrcstartfrom\">ab<\/span>\r\n\t\t\t\t\t\t\t\t<span class=\"car_cost\"><span class=\"vrc_currency\">\u20ac<\/span> <span class=\"vrc_price\">138.00<\/span><\/span>\r\n\t\t\t\t\t\t\t\t\t\t\t\t\t\t<\/div>\r\n\t\t\t\t\t\t<\/div>\r\n\t\t\t\t\t\t<div class=\"vrc-car-bookingbtn\">\r\n\t\t\t\t\t\t\t<span class=\"vrclistgoon\"><a class=\"btn vrc-pref-color-btn\" href=\"https:\/\/caracolvan.com\/de\/home-vans\/?option=com_vikrentcar&amp;view=cardetails&amp;carid=5\">Details anzeigen<\/a><\/span>\r\n\t\t\t\t\t\t<\/div>\r\n\t\t\t\t\t<\/div>\r\n\t\t\t\t<\/div>\r\n\t\t\t<\/div>\r\n\t\t<\/div>\r\n\t<\/div>\r\n\t<\/div>\r\n\r\n<script type=\"text\/javascript\">\r\njQuery(function() {\r\n\tif (jQuery('.car_result').length) {\r\n\t\tjQuery('.car_result').each(function() {\r\n\t\t\tvar car_img = jQuery(this).find('.vrc-car-result-left').find('img');\r\n\t\t\tif (car_img.length) {\r\n\t\t\t\tjQuery(this).find('.vrc-car-result-right').find('.vrc-car-result-rightinner').find('.vrc-car-result-rightinner-deep').find('.vrc-car-result-inner').css('min-height', car_img.height()+'px');\r\n\t\t\t}\r\n\t\t});\r\n\t};\r\n});\r\n<\/script>\r\n\n<\/div>\n\n","protected":false},"excerpt":{"rendered":"","protected":false},"author":11,"featured_media":0,"parent":0,"menu_order":0,"comment_status":"closed","ping_status":"closed","template":"100-width.php","meta":{"_joinchat":[],"footnotes":""},"class_list":["post-13822","page","type-page","status-publish","hentry"],"yoast_head":"<!-- This site is optimized with the Yoast SEO Premium plugin v27.2 (Yoast SEO v27.2) - https:\/\/yoast.com\/product\/yoast-seo-premium-wordpress\/ -->\n<title>Home - Vans - Alquiler Camper Rental - Caracolvan<\/title>\n<meta name=\"robots\" content=\"index, follow, max-snippet:-1, max-image-preview:large, max-video-preview:-1\" \/>\n<link rel=\"canonical\" href=\"https:\/\/caracolvan.com\/de\/home-vans\/\" \/>\n<meta property=\"og:locale\" content=\"de_DE\" \/>\n<meta property=\"og:type\" content=\"article\" \/>\n<meta property=\"og:title\" content=\"Home - Vans\" \/>\n<meta property=\"og:url\" content=\"https:\/\/caracolvan.com\/de\/home-vans\/\" \/>\n<meta property=\"og:site_name\" content=\"Alquiler Camper Rental - Caracolvan\" \/>\n<meta property=\"article:publisher\" content=\"https:\/\/www.facebook.com\/Caracolvan\/\" \/>\n<meta property=\"og:image\" content=\"https:\/\/caracolvan.com\/wp-content\/uploads\/2018\/05\/logo-caracolvan-2018.jpg\" \/>\n\t<meta property=\"og:image:width\" content=\"800\" \/>\n\t<meta property=\"og:image:height\" content=\"550\" \/>\n\t<meta property=\"og:image:type\" content=\"image\/jpeg\" \/>\n<meta name=\"twitter:card\" content=\"summary_large_image\" \/>\n<meta name=\"twitter:site\" content=\"@Caracolvan\" \/>\n<script type=\"application\/ld+json\" class=\"yoast-schema-graph\">{\"@context\":\"https:\/\/schema.org\",\"@graph\":[{\"@type\":\"WebPage\",\"@id\":\"https:\/\/caracolvan.com\/de\/home-vans\/\",\"url\":\"https:\/\/caracolvan.com\/de\/home-vans\/\",\"name\":\"Home - Vans - Alquiler Camper Rental - Caracolvan\",\"isPartOf\":{\"@id\":\"https:\/\/caracolvan.com\/de\/#website\"},\"datePublished\":\"2023-06-20T10:22:09+00:00\",\"breadcrumb\":{\"@id\":\"https:\/\/caracolvan.com\/de\/home-vans\/#breadcrumb\"},\"inLanguage\":\"de\",\"potentialAction\":[{\"@type\":\"ReadAction\",\"target\":[\"https:\/\/caracolvan.com\/de\/home-vans\/\"]}]},{\"@type\":\"BreadcrumbList\",\"@id\":\"https:\/\/caracolvan.com\/de\/home-vans\/#breadcrumb\",\"itemListElement\":[{\"@type\":\"ListItem\",\"position\":1,\"name\":\"Portada\",\"item\":\"https:\/\/caracolvan.com\/de\/\"},{\"@type\":\"ListItem\",\"position\":2,\"name\":\"Home - Vans\"}]},{\"@type\":\"WebSite\",\"@id\":\"https:\/\/caracolvan.com\/de\/#website\",\"url\":\"https:\/\/caracolvan.com\/de\/\",\"name\":\"Alquiler Camper Rental - Caracolvan\",\"description\":\"Alquiler de furgonetas camper y autocaravanas\",\"publisher\":{\"@id\":\"https:\/\/caracolvan.com\/de\/#organization\"},\"potentialAction\":[{\"@type\":\"SearchAction\",\"target\":{\"@type\":\"EntryPoint\",\"urlTemplate\":\"https:\/\/caracolvan.com\/de\/?s={search_term_string}\"},\"query-input\":{\"@type\":\"PropertyValueSpecification\",\"valueRequired\":true,\"valueName\":\"search_term_string\"}}],\"inLanguage\":\"de\"},{\"@type\":\"Organization\",\"@id\":\"https:\/\/caracolvan.com\/de\/#organization\",\"name\":\"Caracolvan\",\"url\":\"https:\/\/caracolvan.com\/de\/\",\"logo\":{\"@type\":\"ImageObject\",\"inLanguage\":\"de\",\"@id\":\"https:\/\/caracolvan.com\/de\/#\/schema\/logo\/image\/\",\"url\":\"https:\/\/caracolvan.com\/wp-content\/uploads\/2023\/08\/caracolvan-logotipo.jpg\",\"contentUrl\":\"https:\/\/caracolvan.com\/wp-content\/uploads\/2023\/08\/caracolvan-logotipo.jpg\",\"width\":696,\"height\":696,\"caption\":\"Caracolvan\"},\"image\":{\"@id\":\"https:\/\/caracolvan.com\/de\/#\/schema\/logo\/image\/\"},\"sameAs\":[\"https:\/\/www.facebook.com\/Caracolvan\/\",\"https:\/\/x.com\/Caracolvan\"]}]}<\/script>\n<!-- \/ Yoast SEO Premium plugin. -->","yoast_head_json":{"title":"Home - Vans - Alquiler Camper Rental - Caracolvan","robots":{"index":"index","follow":"follow","max-snippet":"max-snippet:-1","max-image-preview":"max-image-preview:large","max-video-preview":"max-video-preview:-1"},"canonical":"https:\/\/caracolvan.com\/de\/home-vans\/","og_locale":"de_DE","og_type":"article","og_title":"Home - Vans","og_url":"https:\/\/caracolvan.com\/de\/home-vans\/","og_site_name":"Alquiler Camper Rental - Caracolvan","article_publisher":"https:\/\/www.facebook.com\/Caracolvan\/","og_image":[{"width":800,"height":550,"url":"https:\/\/caracolvan.com\/wp-content\/uploads\/2018\/05\/logo-caracolvan-2018.jpg","type":"image\/jpeg"}],"twitter_card":"summary_large_image","twitter_site":"@Caracolvan","schema":{"@context":"https:\/\/schema.org","@graph":[{"@type":"WebPage","@id":"https:\/\/caracolvan.com\/de\/home-vans\/","url":"https:\/\/caracolvan.com\/de\/home-vans\/","name":"Home - Vans - Alquiler Camper Rental - Caracolvan","isPartOf":{"@id":"https:\/\/caracolvan.com\/de\/#website"},"datePublished":"2023-06-20T10:22:09+00:00","breadcrumb":{"@id":"https:\/\/caracolvan.com\/de\/home-vans\/#breadcrumb"},"inLanguage":"de","potentialAction":[{"@type":"ReadAction","target":["https:\/\/caracolvan.com\/de\/home-vans\/"]}]},{"@type":"BreadcrumbList","@id":"https:\/\/caracolvan.com\/de\/home-vans\/#breadcrumb","itemListElement":[{"@type":"ListItem","position":1,"name":"Portada","item":"https:\/\/caracolvan.com\/de\/"},{"@type":"ListItem","position":2,"name":"Home - Vans"}]},{"@type":"WebSite","@id":"https:\/\/caracolvan.com\/de\/#website","url":"https:\/\/caracolvan.com\/de\/","name":"Alquiler Camper Rental - Caracolvan","description":"Alquiler de furgonetas camper y autocaravanas","publisher":{"@id":"https:\/\/caracolvan.com\/de\/#organization"},"potentialAction":[{"@type":"SearchAction","target":{"@type":"EntryPoint","urlTemplate":"https:\/\/caracolvan.com\/de\/?s={search_term_string}"},"query-input":{"@type":"PropertyValueSpecification","valueRequired":true,"valueName":"search_term_string"}}],"inLanguage":"de"},{"@type":"Organization","@id":"https:\/\/caracolvan.com\/de\/#organization","name":"Caracolvan","url":"https:\/\/caracolvan.com\/de\/","logo":{"@type":"ImageObject","inLanguage":"de","@id":"https:\/\/caracolvan.com\/de\/#\/schema\/logo\/image\/","url":"https:\/\/caracolvan.com\/wp-content\/uploads\/2023\/08\/caracolvan-logotipo.jpg","contentUrl":"https:\/\/caracolvan.com\/wp-content\/uploads\/2023\/08\/caracolvan-logotipo.jpg","width":696,"height":696,"caption":"Caracolvan"},"image":{"@id":"https:\/\/caracolvan.com\/de\/#\/schema\/logo\/image\/"},"sameAs":["https:\/\/www.facebook.com\/Caracolvan\/","https:\/\/x.com\/Caracolvan"]}]}},"_links":{"self":[{"href":"https:\/\/caracolvan.com\/de\/wp-json\/wp\/v2\/pages\/13822","targetHints":{"allow":["GET"]}}],"collection":[{"href":"https:\/\/caracolvan.com\/de\/wp-json\/wp\/v2\/pages"}],"about":[{"href":"https:\/\/caracolvan.com\/de\/wp-json\/wp\/v2\/types\/page"}],"author":[{"embeddable":true,"href":"https:\/\/caracolvan.com\/de\/wp-json\/wp\/v2\/users\/11"}],"replies":[{"embeddable":true,"href":"https:\/\/caracolvan.com\/de\/wp-json\/wp\/v2\/comments?post=13822"}],"version-history":[{"count":0,"href":"https:\/\/caracolvan.com\/de\/wp-json\/wp\/v2\/pages\/13822\/revisions"}],"wp:attachment":[{"href":"https:\/\/caracolvan.com\/de\/wp-json\/wp\/v2\/media?parent=13822"}],"curies":[{"name":"wp","href":"https:\/\/api.w.org\/{rel}","templated":true}]}}