{"id":7419,"date":"2018-05-14T10:27:26","date_gmt":"2018-05-14T10:27:26","guid":{"rendered":"https:\/\/www.caracolvan.com\/commentaires-et-opinions\/"},"modified":"2018-06-06T10:43:25","modified_gmt":"2018-06-06T10:43:25","slug":"kommentare-und-meinungen","status":"publish","type":"page","link":"https:\/\/caracolvan.com\/de\/kommentare-und-meinungen\/","title":{"rendered":"Kommentare und Meinungen"},"content":{"rendered":"<p>[vc_row full_width=\"stretch_row\" css=\".vc_custom_1526378419079{margin-bottom: 40px !important;padding-top: 50px !important;padding-bottom: 30px !important;background-color: #f3f3f3 !important;}\"][vc_column][vc_text_separator title=\"Was die #caracolvaners \u00fcber uns sagen\" color=\"black\"][vc_column_text]<\/p>\n<div class=\"wpb_text_column wpb_content_element \">\n<div class=\"wpb_wrapper\" style=\"text-align: center;\">\n<p>Wenn Sie wissen m\u00f6chten, wie Sie Ihre Zeit in einem unserer Reisemobile genie\u00dfen k\u00f6nnen, werfen Sie einen Blick auf das, was unsere Kunden nach ihrer \"<strong>Camper Experience<\/strong>\" sagen. Es gibt keine Tricks! Alle haben eine tolle Zeit! Sie k\u00f6nnen alle Fotos und die Kommentare unserer Kunden auf Facebook und Google + \u00fcberpr\u00fcfen. Danke an alle!<\/p>\n<p style=\"text-align: center;\"><strong>#caracolvaners #5stars #camperstories #weloveu<\/strong><\/p>\n<\/div>\n<\/div>\n<p>[\/vc_column_text][vc_btn title=\"Sehen Sie mehr auf Facebook\" style=\"flat\" shape=\"square\" color=\"success\" size=\"sm\" align=\"center\" link=\"url:https%3A%2F%2Fwww.facebook.com%2Fpg%2FCaracolVan%2Fphotos%2F%3Ftab%3Dalbum%26album_id%3D492154327477439||target:%20_blank|\"][\/vc_column][\/vc_row][vc_row equal_height=\"yes\" content_placement=\"middle\"][vc_column width=\"1\/3\"][vc_single_image image=\"7423\" img_size=\"large\" style=\"vc_box_circle_2\" onclick=\"link_image\"][\/vc_column][vc_column width=\"2\/3\"][vc_column_text el_class=\"caracolvan-testimonial-header\"]<\/p>\n<h4>Katrin &amp; Jane<\/h4>\n<h5>Germany, April 2018<\/h5>\n<p>[\/vc_column_text][vc_column_text el_class=\"caracolvan-testimonial\"]<\/p>\n<p style=\"text-align: left;\">\u201cBesser konnte man Andalusiens Vielf\u00e4ltigkeit nicht genie\u00dfen! Wundersch\u00f6ne Str\u00e4nde, atemberaubende Natur und traumhafte St\u00e4dte - wir sind \u00fcbergl\u00fccklich. Unsere Tour f\u00fchrte uns von Puerto de Santa Maria (Cadiz) zum wundersch\u00f6nen Strand von Bolonia. Wir besuchten die Surferhochburg Tarifa und fuhren dann \u00fcber Marbella nach M\u00e1laga. In der \u201eOlive Branch\u201c in El Chorro konnten wir richtig abschalten und bestiegen den Caminito del Rey \ud83d\udcaa\ud83c\udffb Ronda war unser n\u00e4chstes Ziel, wonach wir durch die Sierra de Grazalema fuhren, um nach einem Halt in Grazalema im wei\u00dfen Dorf Benamahoma hielten. Durch eine wundervolle Wanderung lernten wir auch El Bosque kennen. Raus aus der Natur ging es in die gr\u00f6\u00dfte Stadt Andalusiens - Sevilla. Von dort brauchten wir noch einmal das Meer und landeten am Ende unserer Andalusien-Reise noch einmal am Atlantik. Lange Spazierg\u00e4nge am nicht enden wollendem Playa de la Barossa waren ein kr\u00f6nender Abschluss. Wir konnten halten, schlafen und hinfahren wo wir wollten - Danke Caracolvan, besser kann man Andalusien nicht kennen lernen.\u201d<\/p>\n<p>[\/vc_column_text][\/vc_column][\/vc_row][vc_row equal_height=\"yes\" content_placement=\"middle\"][vc_column width=\"1\/3\"][vc_single_image image=\"7427\" img_size=\"large\" style=\"vc_box_circle_2\" onclick=\"link_image\"][\/vc_column][vc_column width=\"2\/3\"][vc_column_text el_class=\"caracolvan-testimonial-header\"]<\/p>\n<h4>Stefan &amp; Oliver<\/h4>\n<h5>Germany, April 2017<\/h5>\n<p>[\/vc_column_text][vc_column_text el_class=\"caracolvan-testimonial\"]<\/p>\n<p style=\"text-align: left;\">\u201cDie Reise mit dem Fiat-Wohnmobil war super! Das Fahrzeug ist ausreichend motorisiert ;-) . Es hat einen Tempomat und Geschwindigkeitsbegrenzungs Elektronik. Das H\u00e4ndling ist trotz der 6m L\u00e4nge sehr gut und dank der geteilten Au\u00dfenspiegel hat man sein Umfeld immer im Blick!<br \/>\nDie Abholung und die R\u00fcckgabe am Flughafen Malaga, war super organisiert!<br \/>\nVielen Dank f\u00fcr den einwandfreien Service!<br \/>\nBis zum N\u00e4chstenmal\u201d<\/p>\n<p>[\/vc_column_text][\/vc_column][\/vc_row][vc_row equal_height=\"yes\" content_placement=\"middle\"][vc_column width=\"1\/3\"][vc_single_image image=\"7431\" img_size=\"large\" style=\"vc_box_circle_2\" onclick=\"link_image\"][\/vc_column][vc_column width=\"2\/3\"][vc_column_text el_class=\"caracolvan-testimonial-header\"]<\/p>\n<h4>Stephane y Dora.<\/h4>\n<h5>Barcelona. September 2014<\/h5>\n<p>[\/vc_column_text][vc_column_text el_class=\"caracolvan-testimonial\"]<\/p>\n<p style=\"text-align: left;\">\u201cGreat van, lovely beaches....we will definatley repeat. Thank you Caracolvan\u201d<\/p>\n<p>[\/vc_column_text][\/vc_column][\/vc_row][vc_row equal_height=\"yes\" content_placement=\"middle\"][vc_column width=\"1\/3\"][vc_single_image image=\"7435\" img_size=\"large\" style=\"vc_box_circle_2\" onclick=\"link_image\"][\/vc_column][vc_column width=\"2\/3\"][vc_column_text el_class=\"caracolvan-testimonial-header\"]<\/p>\n<h4>Antonia y Werner<\/h4>\n<h5>Germany. October 2015.<\/h5>\n<p>[\/vc_column_text][vc_column_text el_class=\"caracolvan-testimonial\"]<\/p>\n<p style=\"text-align: left;\">\"Wir waren sehr zufrieden mit der \u00dcbergabe. W\u00e4hrend unserer 8-t\u00e4gigen Reise der K\u00fcste entlang und im h\u00fcgeligen Hinterland hatten wir viel Freude, da der Camper praktisch eingerichtet war und unseren Bed\u00fcrfnissen voll entsprach. Den Weinberg Carabus w\u00fcrden wir jederzeit gerne wieder mieten.\"<\/p>\n<p>[\/vc_column_text][\/vc_column][\/vc_row][vc_row equal_height=\"yes\" content_placement=\"middle\"][vc_column width=\"1\/3\"][vc_single_image image=\"7439\" img_size=\"large\" style=\"vc_box_circle_2\" onclick=\"link_image\"][\/vc_column][vc_column width=\"2\/3\"][vc_column_text el_class=\"caracolvan-testimonial-header\"]<\/p>\n<h4>Martin H.<\/h4>\n<h5>Deutchland. Octuber 2017<\/h5>\n<p>[\/vc_column_text][vc_column_text el_class=\"caracolvan-testimonial\"]<\/p>\n<p style=\"text-align: left;\">\u201cDen Vw California T6 kann man sehr empfehlen. Der Bus ist kompakt und trotzdem hatten meine Freundin und ich reichlich Platz und viel Stauraum. Das Fahrzeug war in gutem Zustand und sehr sauber. Besonders das Dachzelt ist ideal zum Schlafen. Sehr praktisch sind auch der integrierte Campingtisch und die St\u00fchle f\u00fcr drau\u00dfen. Es waren ausreichend Handt\u00fccher und ebenso umfangreiches Geschirr usw. vorhanden. Auch der K\u00fchlschrank hat super gek\u00fchlt. Alles hat funktioniert und auch der Verbrauch lag nach 1500km bei nur 7.5l\/100km. Wir w\u00fcrden den Anbieter sofort wieder w\u00e4hlen bei der n\u00e4chsten Reise.\u201d<\/p>\n<p>[\/vc_column_text][\/vc_column][\/vc_row][vc_row equal_height=\"yes\" content_placement=\"middle\"][vc_column width=\"1\/3\"][vc_single_image image=\"7443\" img_size=\"large\" style=\"vc_box_circle_2\" onclick=\"link_image\"][\/vc_column][vc_column width=\"2\/3\"][vc_column_text el_class=\"caracolvan-testimonial-header\"]<\/p>\n<h4>Sebastian y Franka<\/h4>\n<h5>Berlin, Deustchland. Agosto 2013<\/h5>\n<p>[\/vc_column_text][vc_column_text el_class=\"caracolvan-testimonial\"]<\/p>\n<p style=\"text-align: left;\">\u201cNothing compares to driving a Bulli....and this one was extremely well maintained, you really notice that Nacho enjoys these vehicles and the way of traveling himself. Great service otherwise and the Costa de la Luz is a great place to travel with a camper van, thank you!\u201d<\/p>\n<p>[\/vc_column_text][\/vc_column][\/vc_row][vc_row equal_height=\"yes\" content_placement=\"middle\"][vc_column width=\"1\/3\"][vc_single_image image=\"7451\" img_size=\"large\" style=\"vc_box_circle_2\" onclick=\"link_image\"][\/vc_column][vc_column width=\"2\/3\"][vc_column_text el_class=\"caracolvan-testimonial-header\"]<\/p>\n<h4>Mar\u00eda y Dmitry.<\/h4>\n<h5>Mosc\u00fa, Rusia. Junio 2012<\/h5>\n<p>[\/vc_column_text][vc_column_text el_class=\"caracolvan-testimonial\"]\u201c\u00a1Muchisimas gracias por una experiencia inolvidable! \u00a1Un fuerte abrazo desde Mosc\u00fa!\u201d[\/vc_column_text][\/vc_column][\/vc_row][vc_row equal_height=\"yes\" content_placement=\"middle\"][vc_column width=\"1\/3\"][vc_single_image image=\"7455\" img_size=\"large\" style=\"vc_box_circle_2\" onclick=\"link_image\"][\/vc_column][vc_column width=\"2\/3\"][vc_column_text el_class=\"caracolvan-testimonial-header\"]<\/p>\n<h4>Dominik &amp; Marianne.<\/h4>\n<h5>Berna Suiza. September 2015<\/h5>\n<p>[\/vc_column_text][vc_column_text el_class=\"caracolvan-testimonial\"]\u201cUnkomplizierter und sehr freundlicher Vermieter. Sehr guter Service. Auto in Top Zustand bekommen. Gerne wieder und herzlichen Dank an Nacho!\u201d[\/vc_column_text][\/vc_column][\/vc_row][vc_row equal_height=\"yes\" content_placement=\"middle\"][vc_column width=\"1\/3\"][vc_single_image image=\"7447\" img_size=\"large\" style=\"vc_box_circle_2\" onclick=\"link_image\"][\/vc_column][vc_column width=\"2\/3\"][vc_column_text el_class=\"caracolvan-testimonial-header\"]<\/p>\n<h4>Javier y Noe.<\/h4>\n<h5>Amsterdam, Holanda. Agosto 2013.<\/h5>\n<p>[\/vc_column_text][vc_column_text el_class=\"caracolvan-testimonial\"]\u201cFue una experiencia incre\u00edble!! El van fue nuestra casa durante 8 d\u00edas y nos la pasamos de lujo. Est\u00e1 equipada con todo lo necesario y m\u00e1s!!! Muchas gracias al equipo de Caracolvan!!\u201d[\/vc_column_text][\/vc_column][\/vc_row][vc_row][vc_column width=\"1\/3\"][\/vc_column][vc_column width=\"1\/3\"][vc_btn title=\"Sehen Sie mehr auf Facebook\" style=\"flat\" shape=\"square\" color=\"success\" size=\"sm\" align=\"center\" link=\"url:https%3A%2F%2Fwww.facebook.com%2Fpg%2FCaracolVan%2Fphotos%2F%3Ftab%3Dalbum%26album_id%3D492154327477439||target:%20_blank|\" button_block=\"true\"][\/vc_column][vc_column width=\"1\/3\"][\/vc_column][\/vc_row]<\/p>\n","protected":false},"excerpt":{"rendered":"<p>[vc_row full_width=\"stretch_row\" css=\".vc_custom_1526378419079{margin-bottom: 40px !important;padding-top: 50px !important;padding-bottom: 30px !important;background-color: #f3f3f3  [...]<\/p>\n","protected":false},"author":4,"featured_media":0,"parent":0,"menu_order":0,"comment_status":"closed","ping_status":"closed","template":"","meta":{"_joinchat":[],"footnotes":""},"class_list":["post-7419","page","type-page","status-publish","hentry"],"yoast_head":"<!-- This site is optimized with the Yoast SEO Premium plugin v27.2 (Yoast SEO v27.2) - https:\/\/yoast.com\/product\/yoast-seo-premium-wordpress\/ -->\n<title>Kommentare und Meinungen | Caracolvan Camper Rental<\/title>\n<meta name=\"description\" content=\"Wenn Sie wissen m\u00f6chten, wie Sie Ihre Zeit in einem unserer Reisemobile genie\u00dfen k\u00f6nnen, werfen Sie einen Blick auf das, was unsere Kunden sagen.\" \/>\n<meta name=\"robots\" content=\"index, follow, max-snippet:-1, max-image-preview:large, max-video-preview:-1\" \/>\n<link rel=\"canonical\" href=\"https:\/\/caracolvan.com\/de\/kommentare-und-meinungen\/\" \/>\n<meta property=\"og:locale\" content=\"de_DE\" \/>\n<meta property=\"og:type\" content=\"article\" \/>\n<meta property=\"og:title\" content=\"Kommentare und Meinungen\" \/>\n<meta property=\"og:description\" content=\"Wenn Sie wissen m\u00f6chten, wie Sie Ihre Zeit in einem unserer Reisemobile genie\u00dfen k\u00f6nnen, werfen Sie einen Blick auf das, was unsere Kunden sagen.\" \/>\n<meta property=\"og:url\" content=\"https:\/\/caracolvan.com\/de\/kommentare-und-meinungen\/\" \/>\n<meta property=\"og:site_name\" content=\"Alquiler Camper Rental - Caracolvan\" \/>\n<meta property=\"article:publisher\" content=\"https:\/\/www.facebook.com\/Caracolvan\/\" \/>\n<meta property=\"article:modified_time\" content=\"2018-06-06T10:43:25+00:00\" \/>\n<meta property=\"og:image\" content=\"https:\/\/caracolvan.com\/wp-content\/uploads\/2018\/05\/logo-caracolvan-2018.jpg\" \/>\n\t<meta property=\"og:image:width\" content=\"800\" \/>\n\t<meta property=\"og:image:height\" content=\"550\" \/>\n\t<meta property=\"og:image:type\" content=\"image\/jpeg\" \/>\n<meta name=\"twitter:card\" content=\"summary_large_image\" \/>\n<meta name=\"twitter:site\" content=\"@Caracolvan\" \/>\n<meta name=\"twitter:label1\" content=\"Gesch\u00e4tzte Lesezeit\" \/>\n\t<meta name=\"twitter:data1\" content=\"6\u00a0Minuten\" \/>\n<script type=\"application\/ld+json\" class=\"yoast-schema-graph\">{\"@context\":\"https:\/\/schema.org\",\"@graph\":[{\"@type\":\"WebPage\",\"@id\":\"https:\/\/caracolvan.com\/de\/kommentare-und-meinungen\/\",\"url\":\"https:\/\/caracolvan.com\/de\/kommentare-und-meinungen\/\",\"name\":\"Kommentare und Meinungen | Caracolvan Camper Rental\",\"isPartOf\":{\"@id\":\"https:\/\/caracolvan.com\/de\/#website\"},\"datePublished\":\"2018-05-14T10:27:26+00:00\",\"dateModified\":\"2018-06-06T10:43:25+00:00\",\"description\":\"Wenn Sie wissen m\u00f6chten, wie Sie Ihre Zeit in einem unserer Reisemobile genie\u00dfen k\u00f6nnen, werfen Sie einen Blick auf das, was unsere Kunden sagen.\",\"breadcrumb\":{\"@id\":\"https:\/\/caracolvan.com\/de\/kommentare-und-meinungen\/#breadcrumb\"},\"inLanguage\":\"de\",\"potentialAction\":[{\"@type\":\"ReadAction\",\"target\":[\"https:\/\/caracolvan.com\/de\/kommentare-und-meinungen\/\"]}]},{\"@type\":\"BreadcrumbList\",\"@id\":\"https:\/\/caracolvan.com\/de\/kommentare-und-meinungen\/#breadcrumb\",\"itemListElement\":[{\"@type\":\"ListItem\",\"position\":1,\"name\":\"Portada\",\"item\":\"https:\/\/caracolvan.com\/de\/\"},{\"@type\":\"ListItem\",\"position\":2,\"name\":\"Kommentare und Meinungen\"}]},{\"@type\":\"WebSite\",\"@id\":\"https:\/\/caracolvan.com\/de\/#website\",\"url\":\"https:\/\/caracolvan.com\/de\/\",\"name\":\"Alquiler Camper Rental - Caracolvan\",\"description\":\"Alquiler de furgonetas camper y autocaravanas\",\"publisher\":{\"@id\":\"https:\/\/caracolvan.com\/de\/#organization\"},\"potentialAction\":[{\"@type\":\"SearchAction\",\"target\":{\"@type\":\"EntryPoint\",\"urlTemplate\":\"https:\/\/caracolvan.com\/de\/?s={search_term_string}\"},\"query-input\":{\"@type\":\"PropertyValueSpecification\",\"valueRequired\":true,\"valueName\":\"search_term_string\"}}],\"inLanguage\":\"de\"},{\"@type\":\"Organization\",\"@id\":\"https:\/\/caracolvan.com\/de\/#organization\",\"name\":\"Caracolvan\",\"url\":\"https:\/\/caracolvan.com\/de\/\",\"logo\":{\"@type\":\"ImageObject\",\"inLanguage\":\"de\",\"@id\":\"https:\/\/caracolvan.com\/de\/#\/schema\/logo\/image\/\",\"url\":\"https:\/\/caracolvan.com\/wp-content\/uploads\/2023\/08\/caracolvan-logotipo.jpg\",\"contentUrl\":\"https:\/\/caracolvan.com\/wp-content\/uploads\/2023\/08\/caracolvan-logotipo.jpg\",\"width\":696,\"height\":696,\"caption\":\"Caracolvan\"},\"image\":{\"@id\":\"https:\/\/caracolvan.com\/de\/#\/schema\/logo\/image\/\"},\"sameAs\":[\"https:\/\/www.facebook.com\/Caracolvan\/\",\"https:\/\/x.com\/Caracolvan\"]}]}<\/script>\n<!-- \/ Yoast SEO Premium plugin. -->","yoast_head_json":{"title":"Kommentare und Meinungen | Caracolvan Camper Rental","description":"Wenn Sie wissen m\u00f6chten, wie Sie Ihre Zeit in einem unserer Reisemobile genie\u00dfen k\u00f6nnen, werfen Sie einen Blick auf das, was unsere Kunden sagen.","robots":{"index":"index","follow":"follow","max-snippet":"max-snippet:-1","max-image-preview":"max-image-preview:large","max-video-preview":"max-video-preview:-1"},"canonical":"https:\/\/caracolvan.com\/de\/kommentare-und-meinungen\/","og_locale":"de_DE","og_type":"article","og_title":"Kommentare und Meinungen","og_description":"Wenn Sie wissen m\u00f6chten, wie Sie Ihre Zeit in einem unserer Reisemobile genie\u00dfen k\u00f6nnen, werfen Sie einen Blick auf das, was unsere Kunden sagen.","og_url":"https:\/\/caracolvan.com\/de\/kommentare-und-meinungen\/","og_site_name":"Alquiler Camper Rental - Caracolvan","article_publisher":"https:\/\/www.facebook.com\/Caracolvan\/","article_modified_time":"2018-06-06T10:43:25+00:00","og_image":[{"width":800,"height":550,"url":"https:\/\/caracolvan.com\/wp-content\/uploads\/2018\/05\/logo-caracolvan-2018.jpg","type":"image\/jpeg"}],"twitter_card":"summary_large_image","twitter_site":"@Caracolvan","twitter_misc":{"Gesch\u00e4tzte Lesezeit":"6\u00a0Minuten"},"schema":{"@context":"https:\/\/schema.org","@graph":[{"@type":"WebPage","@id":"https:\/\/caracolvan.com\/de\/kommentare-und-meinungen\/","url":"https:\/\/caracolvan.com\/de\/kommentare-und-meinungen\/","name":"Kommentare und Meinungen | Caracolvan Camper Rental","isPartOf":{"@id":"https:\/\/caracolvan.com\/de\/#website"},"datePublished":"2018-05-14T10:27:26+00:00","dateModified":"2018-06-06T10:43:25+00:00","description":"Wenn Sie wissen m\u00f6chten, wie Sie Ihre Zeit in einem unserer Reisemobile genie\u00dfen k\u00f6nnen, werfen Sie einen Blick auf das, was unsere Kunden sagen.","breadcrumb":{"@id":"https:\/\/caracolvan.com\/de\/kommentare-und-meinungen\/#breadcrumb"},"inLanguage":"de","potentialAction":[{"@type":"ReadAction","target":["https:\/\/caracolvan.com\/de\/kommentare-und-meinungen\/"]}]},{"@type":"BreadcrumbList","@id":"https:\/\/caracolvan.com\/de\/kommentare-und-meinungen\/#breadcrumb","itemListElement":[{"@type":"ListItem","position":1,"name":"Portada","item":"https:\/\/caracolvan.com\/de\/"},{"@type":"ListItem","position":2,"name":"Kommentare und Meinungen"}]},{"@type":"WebSite","@id":"https:\/\/caracolvan.com\/de\/#website","url":"https:\/\/caracolvan.com\/de\/","name":"Alquiler Camper Rental - Caracolvan","description":"Alquiler de furgonetas camper y autocaravanas","publisher":{"@id":"https:\/\/caracolvan.com\/de\/#organization"},"potentialAction":[{"@type":"SearchAction","target":{"@type":"EntryPoint","urlTemplate":"https:\/\/caracolvan.com\/de\/?s={search_term_string}"},"query-input":{"@type":"PropertyValueSpecification","valueRequired":true,"valueName":"search_term_string"}}],"inLanguage":"de"},{"@type":"Organization","@id":"https:\/\/caracolvan.com\/de\/#organization","name":"Caracolvan","url":"https:\/\/caracolvan.com\/de\/","logo":{"@type":"ImageObject","inLanguage":"de","@id":"https:\/\/caracolvan.com\/de\/#\/schema\/logo\/image\/","url":"https:\/\/caracolvan.com\/wp-content\/uploads\/2023\/08\/caracolvan-logotipo.jpg","contentUrl":"https:\/\/caracolvan.com\/wp-content\/uploads\/2023\/08\/caracolvan-logotipo.jpg","width":696,"height":696,"caption":"Caracolvan"},"image":{"@id":"https:\/\/caracolvan.com\/de\/#\/schema\/logo\/image\/"},"sameAs":["https:\/\/www.facebook.com\/Caracolvan\/","https:\/\/x.com\/Caracolvan"]}]}},"_links":{"self":[{"href":"https:\/\/caracolvan.com\/de\/wp-json\/wp\/v2\/pages\/7419","targetHints":{"allow":["GET"]}}],"collection":[{"href":"https:\/\/caracolvan.com\/de\/wp-json\/wp\/v2\/pages"}],"about":[{"href":"https:\/\/caracolvan.com\/de\/wp-json\/wp\/v2\/types\/page"}],"author":[{"embeddable":true,"href":"https:\/\/caracolvan.com\/de\/wp-json\/wp\/v2\/users\/4"}],"replies":[{"embeddable":true,"href":"https:\/\/caracolvan.com\/de\/wp-json\/wp\/v2\/comments?post=7419"}],"version-history":[{"count":4,"href":"https:\/\/caracolvan.com\/de\/wp-json\/wp\/v2\/pages\/7419\/revisions"}],"predecessor-version":[{"id":7459,"href":"https:\/\/caracolvan.com\/de\/wp-json\/wp\/v2\/pages\/7419\/revisions\/7459"}],"wp:attachment":[{"href":"https:\/\/caracolvan.com\/de\/wp-json\/wp\/v2\/media?parent=7419"}],"curies":[{"name":"wp","href":"https:\/\/api.w.org\/{rel}","templated":true}]}}