{"id":8554,"date":"2020-05-21T13:09:46","date_gmt":"2020-05-21T11:09:46","guid":{"rendered":"https:\/\/www.caracolvan.com\/covid-19\/"},"modified":"2021-11-16T12:54:25","modified_gmt":"2021-11-16T10:54:25","slug":"covid-19","status":"publish","type":"page","link":"https:\/\/caracolvan.com\/de\/covid-19\/","title":{"rendered":"COVID-19"},"content":{"rendered":"<p>[vc_row full_width=\"stretch_row_content_no_spaces\" gap=\"5\" equal_height=\"yes\"][vc_column width=\"1\/4\" el_class=\"banner-home-offer\" css=\".vc_custom_1590058631586{background-color: #77b2c1 !important;}\"][vc_icon icon_fontawesome=\"fa fa-smile-o\" color=\"white\" align=\"center\"][vc_column_text]<\/p>\n<h4 style=\"text-align: center;\">100% Mietr\u00fcckerstattung<\/h4>\n<p style=\"text-align: center;\">\n<p style=\"text-align: center;\">Wenn Sie aufgrund von Mobilit\u00e4tseinschr\u00e4nkungen nicht in der Lage sind, Ihre Reise zu den reservierten Terminen anzutreten.<\/p>\n<p>[\/vc_column_text][\/vc_column][vc_column width=\"1\/4\" el_class=\"banner-home-offer\" css=\".vc_custom_1590059382866{background-color: #bbcd67 !important;}\"][vc_icon icon_fontawesome=\"fa fa-calendar\" color=\"white\" align=\"center\"][vc_column_text]<\/p>\n<h4 style=\"text-align: center;\">Kostenlose Termin\u00e4nderung<\/h4>\n<p style=\"text-align: center;\">\n<p style=\"text-align: center;\">Bis zu einer Woche vor der Abholung des Wohnmobils.<\/p>\n<p>[\/vc_column_text][\/vc_column][vc_column width=\"1\/4\" css=\".vc_custom_1590059359264{background-color: #77b2c1 !important;}\" el_class=\"banner-home-offer\"][vc_icon icon_fontawesome=\"fa fa-credit-card\" color=\"white\" align=\"center\"][vc_column_text]<\/p>\n<h4 style=\"text-align: center;\">Keine gro\u00dfen Auszahlungen<\/h4>\n<p style=\"text-align: center;\">Zahlung des vollen Betrags erst 15 Tage vor Reiseantritt<\/p>\n<p>[\/vc_column_text][\/vc_column][vc_column width=\"1\/4\" el_class=\"banner-home-offer\" css=\".vc_custom_1590059376860{background-color: #bbcd67 !important;}\"][vc_icon icon_fontawesome=\"fa fa-plus-circle\" color=\"white\" align=\"center\"][vc_column_text]<\/p>\n<h4 style=\"text-align: center;\">Reinigungs- und Lieferprotokolle<\/h4>\n<p style=\"text-align: center;\">Reinigung und Desinfektion unserer Transporter mit Ozongenerator. Sicheres Liefer- und Abholprotokoll.<\/p>\n<p>[\/vc_column_text][\/vc_column][\/vc_row][vc_row css=\".vc_custom_1590059551889{margin-top: 50px !important;}\"][vc_column][vc_column_text]<\/p>\n<h2>AU\u00dfERORDENTLICHE MA\u00dfNAHMEN VON COVID-19<\/h2>\n<p>[\/vc_column_text][vc_column_text]Von Caracolvan aus haben wir eine Reihe von Ma\u00dfnahmen ergriffen, um auf die COVID-19-Pandemie zu reagieren, unter der wir leiden. Sie konzentrieren sich haupts\u00e4chlich auf drei Aspekte:<\/p>\n<ul>\n<li>Die Flexibilit\u00e4t von Reservierungen und m\u00f6glichen Stornierungen aufgrund von Mobilit\u00e4tseinschr\u00e4nkungen.<\/li>\n<li>Reinigung und Desinfektion unserer Wohnmobile.<\/li>\n<li>Sichere Lieferung und R\u00fcckgabe unserer Wohnmobile.<\/li>\n<\/ul>\n<p>&nbsp;<\/p>\n<h3>KOSTENLOSE STORNIERUNG<\/h3>\n<p>Damit alle unsere Kunden ihren Urlaub in diesem Sommer planen k\u00f6nnen und aufgrund der Mobilit\u00e4tseinschr\u00e4nkungen, die der COVID-19 verursacht oder in Zukunft verursachen k\u00f6nnte, keine Probleme mit ihren Reservierungen haben, bieten wir Ihnen die R\u00fcckerstattung des gezahlten Betrags oder die \u00c4nderung vom Reservierungstermin, wenn neue Mobilit\u00e4tseinschr\u00e4nkungen in Spanien oder in Ihren L\u00e4ndern Sie daran hindern, Ihre Miete zu den reservierten Daten zu genie\u00dfen.<\/p>\n<h3>FLEXIBLE RESERVIERUNG<\/h3>\n<p>Der Reservierungsprozess ist jetzt flexibler und fordert 25% des Betrags an, um die Reservierung und Zahlung des vollen Betrags nur 15 Tage vor Mietbeginn zu best\u00e4tigen (anstelle von 30 Tagen wie bisher). Wenn Sie aus einem anderen Grund (nicht aufgrund von Mobilit\u00e4tseinschr\u00e4nkungen) Ihre Reisedaten \u00e4ndern m\u00fcssen, k\u00f6nnen Sie dies bis zu 7 Tage vor Abflug tun oder einen Gutschein f\u00fcr den Gesamtbetrag anfordern, der f\u00fcr den Zeitraum von einem Jahr gezahlt wird.<\/p>\n<h3>REINIGUNG UND DESINFEKTION MIT OZON<\/h3>\n<p>Wir haben ein neues Reinigungsprotokoll f\u00fcr unsere Wohnmobile und deren Zubeh\u00f6r eingef\u00fchrt, mit besonderem Augenmerk auf die Desinfektion unserer Heimfahrzeuge durch Behandlung mit einem Ozongenerator in allen unseren Wohnmobilen. Hier sehen Sie das neue Reinigungsprotokoll im Detail.<\/p>\n<h3>SICHERE LIEFERUNG UND R\u00dcCKGABE<\/h3>\n<p>Auch der Liefer- und R\u00fcckgabeprozess unserer Wohnmobile wurde an die neuen Hygienema\u00dfnahmen des COVID-19 angepasst. Unsere Mitarbeiter geben an, welcher Prozess immer mit den daf\u00fcr erforderlichen Mitteln ausgestattet sein muss. Die Erkl\u00e4rung der Bedienung der Camper wird in den Video-Tutorials unterst\u00fctzt.<\/p>\n<p>Die entsprechenden Abstands- und Desinfektionsma\u00dfnahmen wurden auch in unseren B\u00fcros getroffen.<\/p>\n<p>Wir hoffen, Sie bald zu sehen![\/vc_column_text][\/vc_column][\/vc_row]<\/p>\n","protected":false},"excerpt":{"rendered":"<p>[vc_row full_width=\"stretch_row_content_no_spaces\" gap=\"5\" equal_height=\"yes\"][vc_column width=\"1\/4\" el_class=\"banner-home-offer\" css=\".vc_custom_1590058631586{background-color: #77b2c1 !important;}\"][vc_icon icon_fontawesome=\"fa  [...]<\/p>\n","protected":false},"author":4,"featured_media":0,"parent":0,"menu_order":0,"comment_status":"closed","ping_status":"closed","template":"","meta":{"_joinchat":[],"footnotes":""},"class_list":["post-8554","page","type-page","status-publish","hentry"],"yoast_head":"<!-- This site is optimized with the Yoast SEO Premium plugin v27.2 (Yoast SEO v27.2) - https:\/\/yoast.com\/product\/yoast-seo-premium-wordpress\/ -->\n<title>COVID-19 - Alquiler Camper Rental - Caracolvan<\/title>\n<meta name=\"robots\" content=\"index, follow, max-snippet:-1, max-image-preview:large, max-video-preview:-1\" \/>\n<link rel=\"canonical\" href=\"https:\/\/caracolvan.com\/de\/covid-19\/\" \/>\n<meta property=\"og:locale\" content=\"de_DE\" \/>\n<meta property=\"og:type\" content=\"article\" \/>\n<meta property=\"og:title\" content=\"COVID-19\" \/>\n<meta property=\"og:description\" content=\"[vc_row full_width=&quot;stretch_row_content_no_spaces&quot; gap=&quot;5&quot; equal_height=&quot;yes&quot;][vc_column width=&quot;1\/4&quot; el_class=&quot;banner-home-offer&quot; css=&quot;.vc_custom_1590058631586{background-color: #77b2c1 !important;}&quot;][vc_icon icon_fontawesome=&quot;fa [...]\" \/>\n<meta property=\"og:url\" content=\"https:\/\/caracolvan.com\/de\/covid-19\/\" \/>\n<meta property=\"og:site_name\" content=\"Alquiler Camper Rental - Caracolvan\" \/>\n<meta property=\"article:publisher\" content=\"https:\/\/www.facebook.com\/Caracolvan\/\" \/>\n<meta property=\"article:modified_time\" content=\"2021-11-16T10:54:25+00:00\" \/>\n<meta property=\"og:image\" content=\"https:\/\/caracolvan.com\/wp-content\/uploads\/2018\/05\/logo-caracolvan-2018.jpg\" \/>\n\t<meta property=\"og:image:width\" content=\"800\" \/>\n\t<meta property=\"og:image:height\" content=\"550\" \/>\n\t<meta property=\"og:image:type\" content=\"image\/jpeg\" \/>\n<meta name=\"twitter:card\" content=\"summary_large_image\" \/>\n<meta name=\"twitter:site\" content=\"@Caracolvan\" \/>\n<meta name=\"twitter:label1\" content=\"Gesch\u00e4tzte Lesezeit\" \/>\n\t<meta name=\"twitter:data1\" content=\"3\u00a0Minuten\" \/>\n<script type=\"application\/ld+json\" class=\"yoast-schema-graph\">{\"@context\":\"https:\/\/schema.org\",\"@graph\":[{\"@type\":\"WebPage\",\"@id\":\"https:\/\/caracolvan.com\/de\/covid-19\/\",\"url\":\"https:\/\/caracolvan.com\/de\/covid-19\/\",\"name\":\"COVID-19 - Alquiler Camper Rental - Caracolvan\",\"isPartOf\":{\"@id\":\"https:\/\/caracolvan.com\/de\/#website\"},\"datePublished\":\"2020-05-21T11:09:46+00:00\",\"dateModified\":\"2021-11-16T10:54:25+00:00\",\"breadcrumb\":{\"@id\":\"https:\/\/caracolvan.com\/de\/covid-19\/#breadcrumb\"},\"inLanguage\":\"de\",\"potentialAction\":[{\"@type\":\"ReadAction\",\"target\":[\"https:\/\/caracolvan.com\/de\/covid-19\/\"]}]},{\"@type\":\"BreadcrumbList\",\"@id\":\"https:\/\/caracolvan.com\/de\/covid-19\/#breadcrumb\",\"itemListElement\":[{\"@type\":\"ListItem\",\"position\":1,\"name\":\"Portada\",\"item\":\"https:\/\/caracolvan.com\/de\/\"},{\"@type\":\"ListItem\",\"position\":2,\"name\":\"COVID-19\"}]},{\"@type\":\"WebSite\",\"@id\":\"https:\/\/caracolvan.com\/de\/#website\",\"url\":\"https:\/\/caracolvan.com\/de\/\",\"name\":\"Alquiler Camper Rental - Caracolvan\",\"description\":\"Alquiler de furgonetas camper y autocaravanas\",\"publisher\":{\"@id\":\"https:\/\/caracolvan.com\/de\/#organization\"},\"potentialAction\":[{\"@type\":\"SearchAction\",\"target\":{\"@type\":\"EntryPoint\",\"urlTemplate\":\"https:\/\/caracolvan.com\/de\/?s={search_term_string}\"},\"query-input\":{\"@type\":\"PropertyValueSpecification\",\"valueRequired\":true,\"valueName\":\"search_term_string\"}}],\"inLanguage\":\"de\"},{\"@type\":\"Organization\",\"@id\":\"https:\/\/caracolvan.com\/de\/#organization\",\"name\":\"Caracolvan\",\"url\":\"https:\/\/caracolvan.com\/de\/\",\"logo\":{\"@type\":\"ImageObject\",\"inLanguage\":\"de\",\"@id\":\"https:\/\/caracolvan.com\/de\/#\/schema\/logo\/image\/\",\"url\":\"https:\/\/caracolvan.com\/wp-content\/uploads\/2023\/08\/caracolvan-logotipo.jpg\",\"contentUrl\":\"https:\/\/caracolvan.com\/wp-content\/uploads\/2023\/08\/caracolvan-logotipo.jpg\",\"width\":696,\"height\":696,\"caption\":\"Caracolvan\"},\"image\":{\"@id\":\"https:\/\/caracolvan.com\/de\/#\/schema\/logo\/image\/\"},\"sameAs\":[\"https:\/\/www.facebook.com\/Caracolvan\/\",\"https:\/\/x.com\/Caracolvan\"]}]}<\/script>\n<!-- \/ Yoast SEO Premium plugin. -->","yoast_head_json":{"title":"COVID-19 - Alquiler Camper Rental - Caracolvan","robots":{"index":"index","follow":"follow","max-snippet":"max-snippet:-1","max-image-preview":"max-image-preview:large","max-video-preview":"max-video-preview:-1"},"canonical":"https:\/\/caracolvan.com\/de\/covid-19\/","og_locale":"de_DE","og_type":"article","og_title":"COVID-19","og_description":"[vc_row full_width=\"stretch_row_content_no_spaces\" gap=\"5\" equal_height=\"yes\"][vc_column width=\"1\/4\" el_class=\"banner-home-offer\" css=\".vc_custom_1590058631586{background-color: #77b2c1 !important;}\"][vc_icon icon_fontawesome=\"fa [...]","og_url":"https:\/\/caracolvan.com\/de\/covid-19\/","og_site_name":"Alquiler Camper Rental - Caracolvan","article_publisher":"https:\/\/www.facebook.com\/Caracolvan\/","article_modified_time":"2021-11-16T10:54:25+00:00","og_image":[{"width":800,"height":550,"url":"https:\/\/caracolvan.com\/wp-content\/uploads\/2018\/05\/logo-caracolvan-2018.jpg","type":"image\/jpeg"}],"twitter_card":"summary_large_image","twitter_site":"@Caracolvan","twitter_misc":{"Gesch\u00e4tzte Lesezeit":"3\u00a0Minuten"},"schema":{"@context":"https:\/\/schema.org","@graph":[{"@type":"WebPage","@id":"https:\/\/caracolvan.com\/de\/covid-19\/","url":"https:\/\/caracolvan.com\/de\/covid-19\/","name":"COVID-19 - Alquiler Camper Rental - Caracolvan","isPartOf":{"@id":"https:\/\/caracolvan.com\/de\/#website"},"datePublished":"2020-05-21T11:09:46+00:00","dateModified":"2021-11-16T10:54:25+00:00","breadcrumb":{"@id":"https:\/\/caracolvan.com\/de\/covid-19\/#breadcrumb"},"inLanguage":"de","potentialAction":[{"@type":"ReadAction","target":["https:\/\/caracolvan.com\/de\/covid-19\/"]}]},{"@type":"BreadcrumbList","@id":"https:\/\/caracolvan.com\/de\/covid-19\/#breadcrumb","itemListElement":[{"@type":"ListItem","position":1,"name":"Portada","item":"https:\/\/caracolvan.com\/de\/"},{"@type":"ListItem","position":2,"name":"COVID-19"}]},{"@type":"WebSite","@id":"https:\/\/caracolvan.com\/de\/#website","url":"https:\/\/caracolvan.com\/de\/","name":"Alquiler Camper Rental - Caracolvan","description":"Alquiler de furgonetas camper y autocaravanas","publisher":{"@id":"https:\/\/caracolvan.com\/de\/#organization"},"potentialAction":[{"@type":"SearchAction","target":{"@type":"EntryPoint","urlTemplate":"https:\/\/caracolvan.com\/de\/?s={search_term_string}"},"query-input":{"@type":"PropertyValueSpecification","valueRequired":true,"valueName":"search_term_string"}}],"inLanguage":"de"},{"@type":"Organization","@id":"https:\/\/caracolvan.com\/de\/#organization","name":"Caracolvan","url":"https:\/\/caracolvan.com\/de\/","logo":{"@type":"ImageObject","inLanguage":"de","@id":"https:\/\/caracolvan.com\/de\/#\/schema\/logo\/image\/","url":"https:\/\/caracolvan.com\/wp-content\/uploads\/2023\/08\/caracolvan-logotipo.jpg","contentUrl":"https:\/\/caracolvan.com\/wp-content\/uploads\/2023\/08\/caracolvan-logotipo.jpg","width":696,"height":696,"caption":"Caracolvan"},"image":{"@id":"https:\/\/caracolvan.com\/de\/#\/schema\/logo\/image\/"},"sameAs":["https:\/\/www.facebook.com\/Caracolvan\/","https:\/\/x.com\/Caracolvan"]}]}},"_links":{"self":[{"href":"https:\/\/caracolvan.com\/de\/wp-json\/wp\/v2\/pages\/8554","targetHints":{"allow":["GET"]}}],"collection":[{"href":"https:\/\/caracolvan.com\/de\/wp-json\/wp\/v2\/pages"}],"about":[{"href":"https:\/\/caracolvan.com\/de\/wp-json\/wp\/v2\/types\/page"}],"author":[{"embeddable":true,"href":"https:\/\/caracolvan.com\/de\/wp-json\/wp\/v2\/users\/4"}],"replies":[{"embeddable":true,"href":"https:\/\/caracolvan.com\/de\/wp-json\/wp\/v2\/comments?post=8554"}],"version-history":[{"count":5,"href":"https:\/\/caracolvan.com\/de\/wp-json\/wp\/v2\/pages\/8554\/revisions"}],"predecessor-version":[{"id":9798,"href":"https:\/\/caracolvan.com\/de\/wp-json\/wp\/v2\/pages\/8554\/revisions\/9798"}],"wp:attachment":[{"href":"https:\/\/caracolvan.com\/de\/wp-json\/wp\/v2\/media?parent=8554"}],"curies":[{"name":"wp","href":"https:\/\/api.w.org\/{rel}","templated":true}]}}