{"id":14413,"date":"2023-08-28T10:15:36","date_gmt":"2023-08-28T08:15:36","guid":{"rendered":"https:\/\/caracolvan.com\/fourgonnettes\/"},"modified":"2023-08-28T10:18:05","modified_gmt":"2023-08-28T08:18:05","slug":"fourgonnettes","status":"publish","type":"page","link":"https:\/\/caracolvan.com\/fr\/fourgonnettes\/","title":{"rendered":"fourgonnettes"},"content":{"rendered":"\n<div class=\"wrap plugin-container\">\n\n\t\n\t\n\t<h3 class=\"vrc-main-title\">Caracolvan - Alquiler Campervan Rentals<\/h3><div class=\"vrc-search-results-block vrc-search-results-block-list\">\r\n\r\n\t<div class=\"car_result\">\r\n\t\t<div class=\"vrc-car-result-left\">\r\n\t\t\t\t\t<img decoding=\"async\" class=\"imgresult\" alt=\"VW T6 CALIFORNIA\" src=\"https:\/\/caracolvan.com\/wp-content\/plugins\/vikrentcar\/admin\/resources\/vthumb_177342079_296396768726729_5447032849363898077_n.jpg\"\/>\r\n\t\t\t\t\t<\/div>\r\n\t\t<div class=\"vrc-car-result-right\">\r\n\t\t\t<div class=\"vrc-car-result-rightinner\">\r\n\t\t\t\t<div class=\"vrc-car-result-rightinner-deep\">\r\n\t\t\t\t\t<div class=\"vrc-car-result-inner\">\r\n\t\t\t\t\t\t<h4 class=\"vrc-car-name\">\r\n\t\t\t\t\t\t\t<a href=\"https:\/\/caracolvan.com\/fr\/fourgonnettes\/?option=com_vikrentcar&amp;view=cardetails&amp;carid=1\">VW T6 CALIFORNIA<\/a>\r\n\t\t\t\t\t\t<\/h4>\r\n\t\t\t\t\t\t\t\t\t\t\t<div class=\"vrc-car-result-description\">\r\n\t\t\t\t\t\tLe modele de Camper plus c\u00e9l\u00e8bre du monde. Volkswagen a adapt\u00e9 ses campers de loisir aux nouveaux temps. Le r\u00e9sultat a \u00e9t\u00e9 la nouvelle Vw T6 California TDI, un v\u00e9hicule avec toute la qualit\u00e9 et s\u00e9curit\u00e9 de la marque allemande, mais en outre, avec un \u00e9quipement complet pour profiter de nos s\u00e9jour en couple, en famille uu avec des amis.\t\t\t\t\t\t<\/div>\r\n\t\t\t\t\t\t\t\t\t\t\t\t\t<div class=\"vrc-car-characteristics\">\r\n\t\t\t\t\t\t\t\t<div class=\"vrccaratsdiv\"><div class=\"vrccarcarat\"><span class=\"vrc-carat-cont\"><span class=\"vrc-expl\" data-vrc-expl=\"4 passagers\"><img decoding=\"async\" src=\"https:\/\/caracolvan.com\/wp-content\/plugins\/vikrentcar\/admin\/resources\/group_83_1.png\" alt=\"4 passagers\" \/><\/span><\/span>\n<\/div><div class=\"vrccarcarat\"><span class=\"vrc-carat-cont\"><span class=\"vrc-expl\" data-vrc-expl=\"4 places nuit\"><img decoding=\"async\" src=\"https:\/\/caracolvan.com\/wp-content\/plugins\/vikrentcar\/admin\/resources\/group_84.png\" alt=\"4 places nuit\" \/><\/span><\/span>\n<\/div><div class=\"vrccarcarat\"><span class=\"vrc-carat-cont\"><span class=\"vrc-expl\" data-vrc-expl=\"Cuisine\"><img decoding=\"async\" src=\"https:\/\/caracolvan.com\/wp-content\/plugins\/vikrentcar\/admin\/resources\/icon-cocina.jpg\" alt=\"Cuisine\" \/><\/span><\/span>\n<\/div><div class=\"vrccarcarat\"><span class=\"vrc-carat-cont\"><span class=\"vrc-expl\" data-vrc-expl=\"Isofix\"><img decoding=\"async\" src=\"https:\/\/caracolvan.com\/wp-content\/plugins\/vikrentcar\/admin\/resources\/isofix.jpg\" alt=\"Isofix\" \/><\/span><\/span>\n<\/div><div class=\"vrccarcarat\"><span class=\"vrc-carat-cont\"><span class=\"vrc-expl\" data-vrc-expl=\"R\u00e9frig\u00e9rateur\"><img decoding=\"async\" src=\"https:\/\/caracolvan.com\/wp-content\/plugins\/vikrentcar\/admin\/resources\/icon-nevera.jpg\" alt=\"R\u00e9frig\u00e9rateur\" \/><\/span><\/span>\n<\/div><div class=\"vrccarcarat\"><span class=\"vrc-carat-cont\"><span class=\"vrc-expl\" data-vrc-expl=\"Si\u00e8ges pivotants\"><img decoding=\"async\" src=\"https:\/\/caracolvan.com\/wp-content\/plugins\/vikrentcar\/admin\/resources\/icon-asientos-giratorios.jpg\" alt=\"Si\u00e8ges pivotants\" \/><\/span><\/span>\n<\/div><div class=\"vrccarcarat\"><span class=\"vrc-carat-cont\"><span class=\"vrc-expl\" data-vrc-expl=\"Toit \u00e9l\u00e9vateur\"><img decoding=\"async\" src=\"https:\/\/caracolvan.com\/wp-content\/plugins\/vikrentcar\/admin\/resources\/icon-techo-elevable.jpg\" alt=\"Toit \u00e9l\u00e9vateur\" \/><\/span><\/span>\n<\/div><div class=\"vrccarcarat\"><span class=\"vrc-carat-cont\"><span class=\"vrc-expl\" data-vrc-expl=\"Douche\"><img decoding=\"async\" src=\"https:\/\/caracolvan.com\/wp-content\/plugins\/vikrentcar\/admin\/resources\/icon-ducha-exterior.jpg\" alt=\"Douche\" \/><\/span><\/span>\n<\/div><div class=\"vrccarcarat\"><span class=\"vrc-carat-cont\"><span class=\"vrc-expl\" data-vrc-expl=\"R\u00e9servoir d'eau 50L\"><img decoding=\"async\" src=\"https:\/\/caracolvan.com\/wp-content\/plugins\/vikrentcar\/admin\/resources\/icon-deposito-agua-50l.jpg\" alt=\"R\u00e9servoir d'eau 50L\" \/><\/span><\/span>\n<\/div><div class=\"vrccarcarat\"><span class=\"vrc-carat-cont\"><span class=\"vrc-expl\" data-vrc-expl=\"Batterie aux\"><img decoding=\"async\" src=\"https:\/\/caracolvan.com\/wp-content\/plugins\/vikrentcar\/admin\/resources\/icon-bateria-auxiliar.jpg\" alt=\"Batterie aux\" \/><\/span><\/span>\n<\/div><div class=\"vrccarcarat\"><span class=\"vrc-carat-cont\"><span class=\"vrc-expl\" data-vrc-expl=\"Chauffage\"><img decoding=\"async\" src=\"https:\/\/caracolvan.com\/wp-content\/plugins\/vikrentcar\/admin\/resources\/icon-calefaccion-auto.jpg\" alt=\"Chauffage\" \/><\/span><\/span>\n<\/div><\/div>\n\t\t\t\t\t\t\t<\/div>\r\n\t\t\t\t\t\t\t\t\t\t\t\t<\/div>\r\n\t\t\t\t\t<div class=\"vrc-car-lastblock\">\r\n\t\t\t\t\t\t<div class=\"vrc-car-price\">\r\n\t\t\t\t\t\t\t<div class=\"vrcsrowpricediv\">\r\n\t\t\t\t\t\t\t\t\t\t\t\t\t\t\t<span class=\"vrcstartfrom\">commence \u00e0<\/span>\r\n\t\t\t\t\t\t\t\t<span class=\"car_cost\"><span class=\"vrc_currency\">\u20ac<\/span> <span class=\"vrc_price\">95.00<\/span><\/span>\r\n\t\t\t\t\t\t\t\t\t\t\t\t\t\t<\/div>\r\n\t\t\t\t\t\t<\/div>\r\n\t\t\t\t\t\t<div class=\"vrc-car-bookingbtn\">\r\n\t\t\t\t\t\t\t<span class=\"vrclistgoon\"><a class=\"btn vrc-pref-color-btn\" href=\"https:\/\/caracolvan.com\/fr\/fourgonnettes\/?option=com_vikrentcar&amp;view=cardetails&amp;carid=1\">Voir les D\u00e9tails<\/a><\/span>\r\n\t\t\t\t\t\t<\/div>\r\n\t\t\t\t\t<\/div>\r\n\t\t\t\t<\/div>\r\n\t\t\t<\/div>\r\n\t\t<\/div>\r\n\t<\/div>\r\n\t\t<div class=\"car_result\">\r\n\t\t<div class=\"vrc-car-result-left\">\r\n\t\t\t\t\t<img decoding=\"async\" class=\"imgresult\" alt=\"MAXI CAMPER (WEINSBERG \u2013 CLEVER)\" src=\"https:\/\/caracolvan.com\/wp-content\/plugins\/vikrentcar\/admin\/resources\/vthumb_177342079_296396768726729_5447032849363898077_n_2.png\"\/>\r\n\t\t\t\t\t<\/div>\r\n\t\t<div class=\"vrc-car-result-right\">\r\n\t\t\t<div class=\"vrc-car-result-rightinner\">\r\n\t\t\t\t<div class=\"vrc-car-result-rightinner-deep\">\r\n\t\t\t\t\t<div class=\"vrc-car-result-inner\">\r\n\t\t\t\t\t\t<h4 class=\"vrc-car-name\">\r\n\t\t\t\t\t\t\t<a href=\"https:\/\/caracolvan.com\/fr\/fourgonnettes\/?option=com_vikrentcar&amp;view=cardetails&amp;carid=4\">MAXI CAMPER (WEINSBERG \u2013 CLEVER)<\/a>\r\n\t\t\t\t\t\t<\/h4>\r\n\t\t\t\t\t\t\t\t\t\t\t<div class=\"vrc-car-result-description\">\r\n\t\t\t\t\t\tSi vous voulez profiter de la libert\u00e9 de voyager en Camper mais sans vous priver de rien, le Maxi Camper est votre van. \u00c9quip\u00e9 au maximum, avec une cuisine, un r\u00e9frig\u00e9rateur, deux lits doubles et le meilleur, une salle de bain int\u00e9rieure avec douche \u00e0 eau chaude.\t\t\t\t\t\t<\/div>\r\n\t\t\t\t\t\t\t\t\t\t\t\t\t<div class=\"vrc-car-characteristics\">\r\n\t\t\t\t\t\t\t\t<div class=\"vrccaratsdiv\"><div class=\"vrccarcarat\"><span class=\"vrc-carat-cont\"><span class=\"vrc-expl\" data-vrc-expl=\"4 passagers\"><img decoding=\"async\" src=\"https:\/\/caracolvan.com\/wp-content\/plugins\/vikrentcar\/admin\/resources\/group_83_1.png\" alt=\"4 passagers\" \/><\/span><\/span>\n<\/div><div class=\"vrccarcarat\"><span class=\"vrc-carat-cont\"><span class=\"vrc-expl\" data-vrc-expl=\"4 places nuit\"><img decoding=\"async\" src=\"https:\/\/caracolvan.com\/wp-content\/plugins\/vikrentcar\/admin\/resources\/group_84.png\" alt=\"4 places nuit\" \/><\/span><\/span>\n<\/div><div class=\"vrccarcarat\"><span class=\"vrc-carat-cont\"><span class=\"vrc-expl\" data-vrc-expl=\"Cuisine\"><img decoding=\"async\" src=\"https:\/\/caracolvan.com\/wp-content\/plugins\/vikrentcar\/admin\/resources\/icon-cocina.jpg\" alt=\"Cuisine\" \/><\/span><\/span>\n<\/div><div class=\"vrccarcarat\"><span class=\"vrc-carat-cont\"><span class=\"vrc-expl\" data-vrc-expl=\"Toilettes\"><img decoding=\"async\" src=\"https:\/\/caracolvan.com\/wp-content\/plugins\/vikrentcar\/admin\/resources\/icon-wc.jpg\" alt=\"Toilettes\" \/><\/span><\/span>\n<\/div><div class=\"vrccarcarat\"><span class=\"vrc-carat-cont\"><span class=\"vrc-expl\" data-vrc-expl=\"Panneau solaire\"><img decoding=\"async\" src=\"https:\/\/caracolvan.com\/wp-content\/plugins\/vikrentcar\/admin\/resources\/icon-placa-solar.jpg\" alt=\"Panneau solaire\" \/><\/span><\/span>\n<\/div><div class=\"vrccarcarat\"><span class=\"vrc-carat-cont\"><span class=\"vrc-expl\" data-vrc-expl=\"R\u00e9frig\u00e9rateur\"><img decoding=\"async\" src=\"https:\/\/caracolvan.com\/wp-content\/plugins\/vikrentcar\/admin\/resources\/icon-nevera.jpg\" alt=\"R\u00e9frig\u00e9rateur\" \/><\/span><\/span>\n<\/div><div class=\"vrccarcarat\"><span class=\"vrc-carat-cont\"><span class=\"vrc-expl\" data-vrc-expl=\"Si\u00e8ges pivotants\"><img decoding=\"async\" src=\"https:\/\/caracolvan.com\/wp-content\/plugins\/vikrentcar\/admin\/resources\/icon-asientos-giratorios.jpg\" alt=\"Si\u00e8ges pivotants\" \/><\/span><\/span>\n<\/div><div class=\"vrccarcarat\"><span class=\"vrc-carat-cont\"><span class=\"vrc-expl\" data-vrc-expl=\"Douche\"><img decoding=\"async\" src=\"https:\/\/caracolvan.com\/wp-content\/plugins\/vikrentcar\/admin\/resources\/icon-ducha-exterior.jpg\" alt=\"Douche\" \/><\/span><\/span>\n<\/div><div class=\"vrccarcarat\"><span class=\"vrc-carat-cont\"><span class=\"vrc-expl\" data-vrc-expl=\"Eau chaude\"><img decoding=\"async\" src=\"https:\/\/caracolvan.com\/wp-content\/plugins\/vikrentcar\/admin\/resources\/icon-agua-caliente.jpg\" alt=\"Eau chaude\" \/><\/span><\/span>\n<\/div><div class=\"vrccarcarat\"><span class=\"vrc-carat-cont\"><span class=\"vrc-expl\" data-vrc-expl=\"Toilettes\"><img decoding=\"async\" src=\"https:\/\/caracolvan.com\/wp-content\/plugins\/vikrentcar\/admin\/resources\/icon-bano.jpg\" alt=\"Toilettes\" \/><\/span><\/span>\n<\/div><div class=\"vrccarcarat\"><span class=\"vrc-carat-cont\"><span class=\"vrc-expl\" data-vrc-expl=\"R\u00e9servoir d'eau 90L\"><img decoding=\"async\" src=\"https:\/\/caracolvan.com\/wp-content\/plugins\/vikrentcar\/admin\/resources\/icon-deposito-agua-90l.jpg\" alt=\"R\u00e9servoir d'eau 90L\" \/><\/span><\/span>\n<\/div><div class=\"vrccarcarat\"><span class=\"vrc-carat-cont\"><span class=\"vrc-expl\" data-vrc-expl=\"Batterie aux\"><img decoding=\"async\" src=\"https:\/\/caracolvan.com\/wp-content\/plugins\/vikrentcar\/admin\/resources\/icon-bateria-auxiliar.jpg\" alt=\"Batterie aux\" \/><\/span><\/span>\n<\/div><div class=\"vrccarcarat\"><span class=\"vrc-carat-cont\"><span class=\"vrc-expl\" data-vrc-expl=\"Chauffage\"><img decoding=\"async\" src=\"https:\/\/caracolvan.com\/wp-content\/plugins\/vikrentcar\/admin\/resources\/icon-calefaccion-auto.jpg\" alt=\"Chauffage\" \/><\/span><\/span>\n<\/div><\/div>\n\t\t\t\t\t\t\t<\/div>\r\n\t\t\t\t\t\t\t\t\t\t\t\t<\/div>\r\n\t\t\t\t\t<div class=\"vrc-car-lastblock\">\r\n\t\t\t\t\t\t<div class=\"vrc-car-price\">\r\n\t\t\t\t\t\t\t<div class=\"vrcsrowpricediv\">\r\n\t\t\t\t\t\t\t\t\t\t\t\t\t\t\t<span class=\"vrcstartfrom\">commence \u00e0<\/span>\r\n\t\t\t\t\t\t\t\t<span class=\"car_cost\"><span class=\"vrc_currency\">\u20ac<\/span> <span class=\"vrc_price\">99.00<\/span><\/span>\r\n\t\t\t\t\t\t\t\t\t\t\t\t\t\t<\/div>\r\n\t\t\t\t\t\t<\/div>\r\n\t\t\t\t\t\t<div class=\"vrc-car-bookingbtn\">\r\n\t\t\t\t\t\t\t<span class=\"vrclistgoon\"><a class=\"btn vrc-pref-color-btn\" href=\"https:\/\/caracolvan.com\/fr\/fourgonnettes\/?option=com_vikrentcar&amp;view=cardetails&amp;carid=4\">Voir les D\u00e9tails<\/a><\/span>\r\n\t\t\t\t\t\t<\/div>\r\n\t\t\t\t\t<\/div>\r\n\t\t\t\t<\/div>\r\n\t\t\t<\/div>\r\n\t\t<\/div>\r\n\t<\/div>\r\n\t\t<div class=\"car_result\">\r\n\t\t<div class=\"vrc-car-result-left\">\r\n\t\t\t\t\t<img decoding=\"async\" class=\"imgresult\" alt=\"PICK-UP CAMPER 4\u00d74\" src=\"https:\/\/caracolvan.com\/wp-content\/plugins\/vikrentcar\/admin\/resources\/vthumb_celula-camper-4x4-alquiler.jpg\"\/>\r\n\t\t\t\t\t<\/div>\r\n\t\t<div class=\"vrc-car-result-right\">\r\n\t\t\t<div class=\"vrc-car-result-rightinner\">\r\n\t\t\t\t<div class=\"vrc-car-result-rightinner-deep\">\r\n\t\t\t\t\t<div class=\"vrc-car-result-inner\">\r\n\t\t\t\t\t\t<h4 class=\"vrc-car-name\">\r\n\t\t\t\t\t\t\t<a href=\"https:\/\/caracolvan.com\/fr\/fourgonnettes\/?option=com_vikrentcar&amp;view=cardetails&amp;carid=5\">PICK-UP CAMPER 4\u00d74<\/a>\r\n\t\t\t\t\t\t<\/h4>\r\n\t\t\t\t\t\t\t\t\t\t\t<div class=\"vrc-car-result-description\">\r\n\t\t\t\t\t\tLa cellule campeur 4\u00d74 de location offre en un seul et m\u00eame v\u00e9hicule l\u2019espace habitable d\u2019un campeur coupl\u00e9 aux aptitudes dynamiques d\u2019un tout terrain. Un robuste pick-up 4\u00d74 double cabine de 5 places porte sur sa partie arri\u00e8re une cellule habitable toute \u00e9quip\u00e9e pour votre prochaine aventure nomade.\t\t\t\t\t\t<\/div>\r\n\t\t\t\t\t\t\t\t\t\t\t\t\t<div class=\"vrc-car-characteristics\">\r\n\t\t\t\t\t\t\t\t<div class=\"vrccaratsdiv\"><div class=\"vrccarcarat\"><span class=\"vrc-carat-cont\"><span class=\"vrc-expl\" data-vrc-expl=\"5 passagers\"><img decoding=\"async\" src=\"https:\/\/caracolvan.com\/wp-content\/plugins\/vikrentcar\/admin\/resources\/1group_83_1.png\" alt=\"5 passagers\" \/><\/span><\/span>\n<\/div><div class=\"vrccarcarat\"><span class=\"vrc-carat-cont\"><span class=\"vrc-expl\" data-vrc-expl=\"4 places nuit\"><img decoding=\"async\" src=\"https:\/\/caracolvan.com\/wp-content\/plugins\/vikrentcar\/admin\/resources\/group_84.png\" alt=\"4 places nuit\" \/><\/span><\/span>\n<\/div><div class=\"vrccarcarat\"><span class=\"vrc-carat-cont\"><span class=\"vrc-expl\" data-vrc-expl=\"Cuisine\"><img decoding=\"async\" src=\"https:\/\/caracolvan.com\/wp-content\/plugins\/vikrentcar\/admin\/resources\/icon-cocina.jpg\" alt=\"Cuisine\" \/><\/span><\/span>\n<\/div><div class=\"vrccarcarat\"><span class=\"vrc-carat-cont\"><span class=\"vrc-expl\" data-vrc-expl=\"Toilettes\"><img decoding=\"async\" src=\"https:\/\/caracolvan.com\/wp-content\/plugins\/vikrentcar\/admin\/resources\/icon-wc.jpg\" alt=\"Toilettes\" \/><\/span><\/span>\n<\/div><div class=\"vrccarcarat\"><span class=\"vrc-carat-cont\"><span class=\"vrc-expl\" data-vrc-expl=\"Panneau solaire\"><img decoding=\"async\" src=\"https:\/\/caracolvan.com\/wp-content\/plugins\/vikrentcar\/admin\/resources\/icon-placa-solar.jpg\" alt=\"Panneau solaire\" \/><\/span><\/span>\n<\/div><div class=\"vrccarcarat\"><span class=\"vrc-carat-cont\"><span class=\"vrc-expl\" data-vrc-expl=\"Isofix\"><img decoding=\"async\" src=\"https:\/\/caracolvan.com\/wp-content\/plugins\/vikrentcar\/admin\/resources\/isofix.jpg\" alt=\"Isofix\" \/><\/span><\/span>\n<\/div><div class=\"vrccarcarat\"><span class=\"vrc-carat-cont\"><span class=\"vrc-expl\" data-vrc-expl=\"R\u00e9frig\u00e9rateur\"><img decoding=\"async\" src=\"https:\/\/caracolvan.com\/wp-content\/plugins\/vikrentcar\/admin\/resources\/icon-nevera.jpg\" alt=\"R\u00e9frig\u00e9rateur\" \/><\/span><\/span>\n<\/div><div class=\"vrccarcarat\"><span class=\"vrc-carat-cont\"><span class=\"vrc-expl\" data-vrc-expl=\"Toit \u00e9l\u00e9vateur\"><img decoding=\"async\" src=\"https:\/\/caracolvan.com\/wp-content\/plugins\/vikrentcar\/admin\/resources\/icon-techo-elevable.jpg\" alt=\"Toit \u00e9l\u00e9vateur\" \/><\/span><\/span>\n<\/div><div class=\"vrccarcarat\"><span class=\"vrc-carat-cont\"><span class=\"vrc-expl\" data-vrc-expl=\"Douche\"><img decoding=\"async\" src=\"https:\/\/caracolvan.com\/wp-content\/plugins\/vikrentcar\/admin\/resources\/icon-ducha-exterior.jpg\" alt=\"Douche\" \/><\/span><\/span>\n<\/div><div class=\"vrccarcarat\"><span class=\"vrc-carat-cont\"><span class=\"vrc-expl\" data-vrc-expl=\"Eau chaude\"><img decoding=\"async\" src=\"https:\/\/caracolvan.com\/wp-content\/plugins\/vikrentcar\/admin\/resources\/icon-agua-caliente.jpg\" alt=\"Eau chaude\" \/><\/span><\/span>\n<\/div><div class=\"vrccarcarat\"><span class=\"vrc-carat-cont\"><span class=\"vrc-expl\" data-vrc-expl=\"Toilettes\"><img decoding=\"async\" src=\"https:\/\/caracolvan.com\/wp-content\/plugins\/vikrentcar\/admin\/resources\/icon-bano.jpg\" alt=\"Toilettes\" \/><\/span><\/span>\n<\/div><div class=\"vrccarcarat\"><span class=\"vrc-carat-cont\"><span class=\"vrc-expl\" data-vrc-expl=\"R\u00e9servoir d'eau 110L\"><img decoding=\"async\" src=\"https:\/\/caracolvan.com\/wp-content\/plugins\/vikrentcar\/admin\/resources\/icon-deposito-agua-110l.jpg\" alt=\"R\u00e9servoir d'eau 110L\" \/><\/span><\/span>\n<\/div><div class=\"vrccarcarat\"><span class=\"vrc-carat-cont\"><span class=\"vrc-expl\" data-vrc-expl=\"Batterie aux\"><img decoding=\"async\" src=\"https:\/\/caracolvan.com\/wp-content\/plugins\/vikrentcar\/admin\/resources\/icon-bateria-auxiliar.jpg\" alt=\"Batterie aux\" \/><\/span><\/span>\n<\/div><div class=\"vrccarcarat\"><span class=\"vrc-carat-cont\"><span class=\"vrc-expl\" data-vrc-expl=\"Chauffage\"><img decoding=\"async\" src=\"https:\/\/caracolvan.com\/wp-content\/plugins\/vikrentcar\/admin\/resources\/icon-calefaccion-auto.jpg\" alt=\"Chauffage\" \/><\/span><\/span>\n<\/div><\/div>\n\t\t\t\t\t\t\t<\/div>\r\n\t\t\t\t\t\t\t\t\t\t\t\t<\/div>\r\n\t\t\t\t\t<div class=\"vrc-car-lastblock\">\r\n\t\t\t\t\t\t<div class=\"vrc-car-price\">\r\n\t\t\t\t\t\t\t<div class=\"vrcsrowpricediv\">\r\n\t\t\t\t\t\t\t\t\t\t\t\t\t\t\t<span class=\"vrcstartfrom\">commence \u00e0<\/span>\r\n\t\t\t\t\t\t\t\t<span class=\"car_cost\"><span class=\"vrc_currency\">\u20ac<\/span> <span class=\"vrc_price\">138.00<\/span><\/span>\r\n\t\t\t\t\t\t\t\t\t\t\t\t\t\t<\/div>\r\n\t\t\t\t\t\t<\/div>\r\n\t\t\t\t\t\t<div class=\"vrc-car-bookingbtn\">\r\n\t\t\t\t\t\t\t<span class=\"vrclistgoon\"><a class=\"btn vrc-pref-color-btn\" href=\"https:\/\/caracolvan.com\/fr\/fourgonnettes\/?option=com_vikrentcar&amp;view=cardetails&amp;carid=5\">Voir les D\u00e9tails<\/a><\/span>\r\n\t\t\t\t\t\t<\/div>\r\n\t\t\t\t\t<\/div>\r\n\t\t\t\t<\/div>\r\n\t\t\t<\/div>\r\n\t\t<\/div>\r\n\t<\/div>\r\n\t<\/div>\r\n\r\n<script type=\"text\/javascript\">\r\njQuery(function() {\r\n\tif (jQuery('.car_result').length) {\r\n\t\tjQuery('.car_result').each(function() {\r\n\t\t\tvar car_img = jQuery(this).find('.vrc-car-result-left').find('img');\r\n\t\t\tif (car_img.length) {\r\n\t\t\t\tjQuery(this).find('.vrc-car-result-right').find('.vrc-car-result-rightinner').find('.vrc-car-result-rightinner-deep').find('.vrc-car-result-inner').css('min-height', car_img.height()+'px');\r\n\t\t\t}\r\n\t\t});\r\n\t};\r\n});\r\n<\/script>\r\n\n<\/div>\n\n","protected":false},"excerpt":{"rendered":"","protected":false},"author":11,"featured_media":0,"parent":0,"menu_order":0,"comment_status":"closed","ping_status":"closed","template":"","meta":{"_joinchat":[],"footnotes":""},"class_list":["post-14413","page","type-page","status-publish","hentry"],"yoast_head":"<!-- This site is optimized with the Yoast SEO Premium plugin v27.2 (Yoast SEO v27.2) - https:\/\/yoast.com\/product\/yoast-seo-premium-wordpress\/ -->\n<title>fourgonnettes - Alquiler Camper Rental - Caracolvan<\/title>\n<meta name=\"robots\" content=\"index, follow, max-snippet:-1, max-image-preview:large, max-video-preview:-1\" \/>\n<link rel=\"canonical\" href=\"https:\/\/caracolvan.com\/fr\/fourgonnettes\/\" \/>\n<meta property=\"og:locale\" content=\"fr_FR\" \/>\n<meta property=\"og:type\" content=\"article\" \/>\n<meta property=\"og:title\" content=\"fourgonnettes\" \/>\n<meta property=\"og:url\" content=\"https:\/\/caracolvan.com\/fr\/fourgonnettes\/\" \/>\n<meta property=\"og:site_name\" content=\"Alquiler Camper Rental - Caracolvan\" \/>\n<meta property=\"article:publisher\" content=\"https:\/\/www.facebook.com\/Caracolvan\/\" \/>\n<meta property=\"article:modified_time\" content=\"2023-08-28T08:18:05+00:00\" \/>\n<meta property=\"og:image\" content=\"https:\/\/caracolvan.com\/wp-content\/uploads\/2018\/05\/logo-caracolvan-2018.jpg\" \/>\n\t<meta property=\"og:image:width\" content=\"800\" \/>\n\t<meta property=\"og:image:height\" content=\"550\" \/>\n\t<meta property=\"og:image:type\" content=\"image\/jpeg\" \/>\n<meta name=\"twitter:card\" content=\"summary_large_image\" \/>\n<meta name=\"twitter:site\" content=\"@Caracolvan\" \/>\n<script type=\"application\/ld+json\" class=\"yoast-schema-graph\">{\"@context\":\"https:\/\/schema.org\",\"@graph\":[{\"@type\":\"WebPage\",\"@id\":\"https:\/\/caracolvan.com\/fr\/fourgonnettes\/\",\"url\":\"https:\/\/caracolvan.com\/fr\/fourgonnettes\/\",\"name\":\"fourgonnettes - Alquiler Camper Rental - Caracolvan\",\"isPartOf\":{\"@id\":\"https:\/\/caracolvan.com\/fr\/#website\"},\"datePublished\":\"2023-08-28T08:15:36+00:00\",\"dateModified\":\"2023-08-28T08:18:05+00:00\",\"breadcrumb\":{\"@id\":\"https:\/\/caracolvan.com\/fr\/fourgonnettes\/#breadcrumb\"},\"inLanguage\":\"fr-FR\",\"potentialAction\":[{\"@type\":\"ReadAction\",\"target\":[\"https:\/\/caracolvan.com\/fr\/fourgonnettes\/\"]}]},{\"@type\":\"BreadcrumbList\",\"@id\":\"https:\/\/caracolvan.com\/fr\/fourgonnettes\/#breadcrumb\",\"itemListElement\":[{\"@type\":\"ListItem\",\"position\":1,\"name\":\"Portada\",\"item\":\"https:\/\/caracolvan.com\/fr\/\"},{\"@type\":\"ListItem\",\"position\":2,\"name\":\"fourgonnettes\"}]},{\"@type\":\"WebSite\",\"@id\":\"https:\/\/caracolvan.com\/fr\/#website\",\"url\":\"https:\/\/caracolvan.com\/fr\/\",\"name\":\"Alquiler Camper Rental - Caracolvan\",\"description\":\"Alquiler de furgonetas camper y autocaravanas\",\"publisher\":{\"@id\":\"https:\/\/caracolvan.com\/fr\/#organization\"},\"potentialAction\":[{\"@type\":\"SearchAction\",\"target\":{\"@type\":\"EntryPoint\",\"urlTemplate\":\"https:\/\/caracolvan.com\/fr\/?s={search_term_string}\"},\"query-input\":{\"@type\":\"PropertyValueSpecification\",\"valueRequired\":true,\"valueName\":\"search_term_string\"}}],\"inLanguage\":\"fr-FR\"},{\"@type\":\"Organization\",\"@id\":\"https:\/\/caracolvan.com\/fr\/#organization\",\"name\":\"Caracolvan\",\"url\":\"https:\/\/caracolvan.com\/fr\/\",\"logo\":{\"@type\":\"ImageObject\",\"inLanguage\":\"fr-FR\",\"@id\":\"https:\/\/caracolvan.com\/fr\/#\/schema\/logo\/image\/\",\"url\":\"https:\/\/caracolvan.com\/wp-content\/uploads\/2023\/08\/caracolvan-logotipo.jpg\",\"contentUrl\":\"https:\/\/caracolvan.com\/wp-content\/uploads\/2023\/08\/caracolvan-logotipo.jpg\",\"width\":696,\"height\":696,\"caption\":\"Caracolvan\"},\"image\":{\"@id\":\"https:\/\/caracolvan.com\/fr\/#\/schema\/logo\/image\/\"},\"sameAs\":[\"https:\/\/www.facebook.com\/Caracolvan\/\",\"https:\/\/x.com\/Caracolvan\"]}]}<\/script>\n<!-- \/ Yoast SEO Premium plugin. -->","yoast_head_json":{"title":"fourgonnettes - Alquiler Camper Rental - Caracolvan","robots":{"index":"index","follow":"follow","max-snippet":"max-snippet:-1","max-image-preview":"max-image-preview:large","max-video-preview":"max-video-preview:-1"},"canonical":"https:\/\/caracolvan.com\/fr\/fourgonnettes\/","og_locale":"fr_FR","og_type":"article","og_title":"fourgonnettes","og_url":"https:\/\/caracolvan.com\/fr\/fourgonnettes\/","og_site_name":"Alquiler Camper Rental - Caracolvan","article_publisher":"https:\/\/www.facebook.com\/Caracolvan\/","article_modified_time":"2023-08-28T08:18:05+00:00","og_image":[{"width":800,"height":550,"url":"https:\/\/caracolvan.com\/wp-content\/uploads\/2018\/05\/logo-caracolvan-2018.jpg","type":"image\/jpeg"}],"twitter_card":"summary_large_image","twitter_site":"@Caracolvan","schema":{"@context":"https:\/\/schema.org","@graph":[{"@type":"WebPage","@id":"https:\/\/caracolvan.com\/fr\/fourgonnettes\/","url":"https:\/\/caracolvan.com\/fr\/fourgonnettes\/","name":"fourgonnettes - Alquiler Camper Rental - Caracolvan","isPartOf":{"@id":"https:\/\/caracolvan.com\/fr\/#website"},"datePublished":"2023-08-28T08:15:36+00:00","dateModified":"2023-08-28T08:18:05+00:00","breadcrumb":{"@id":"https:\/\/caracolvan.com\/fr\/fourgonnettes\/#breadcrumb"},"inLanguage":"fr-FR","potentialAction":[{"@type":"ReadAction","target":["https:\/\/caracolvan.com\/fr\/fourgonnettes\/"]}]},{"@type":"BreadcrumbList","@id":"https:\/\/caracolvan.com\/fr\/fourgonnettes\/#breadcrumb","itemListElement":[{"@type":"ListItem","position":1,"name":"Portada","item":"https:\/\/caracolvan.com\/fr\/"},{"@type":"ListItem","position":2,"name":"fourgonnettes"}]},{"@type":"WebSite","@id":"https:\/\/caracolvan.com\/fr\/#website","url":"https:\/\/caracolvan.com\/fr\/","name":"Alquiler Camper Rental - Caracolvan","description":"Alquiler de furgonetas camper y autocaravanas","publisher":{"@id":"https:\/\/caracolvan.com\/fr\/#organization"},"potentialAction":[{"@type":"SearchAction","target":{"@type":"EntryPoint","urlTemplate":"https:\/\/caracolvan.com\/fr\/?s={search_term_string}"},"query-input":{"@type":"PropertyValueSpecification","valueRequired":true,"valueName":"search_term_string"}}],"inLanguage":"fr-FR"},{"@type":"Organization","@id":"https:\/\/caracolvan.com\/fr\/#organization","name":"Caracolvan","url":"https:\/\/caracolvan.com\/fr\/","logo":{"@type":"ImageObject","inLanguage":"fr-FR","@id":"https:\/\/caracolvan.com\/fr\/#\/schema\/logo\/image\/","url":"https:\/\/caracolvan.com\/wp-content\/uploads\/2023\/08\/caracolvan-logotipo.jpg","contentUrl":"https:\/\/caracolvan.com\/wp-content\/uploads\/2023\/08\/caracolvan-logotipo.jpg","width":696,"height":696,"caption":"Caracolvan"},"image":{"@id":"https:\/\/caracolvan.com\/fr\/#\/schema\/logo\/image\/"},"sameAs":["https:\/\/www.facebook.com\/Caracolvan\/","https:\/\/x.com\/Caracolvan"]}]}},"_links":{"self":[{"href":"https:\/\/caracolvan.com\/fr\/wp-json\/wp\/v2\/pages\/14413","targetHints":{"allow":["GET"]}}],"collection":[{"href":"https:\/\/caracolvan.com\/fr\/wp-json\/wp\/v2\/pages"}],"about":[{"href":"https:\/\/caracolvan.com\/fr\/wp-json\/wp\/v2\/types\/page"}],"author":[{"embeddable":true,"href":"https:\/\/caracolvan.com\/fr\/wp-json\/wp\/v2\/users\/11"}],"replies":[{"embeddable":true,"href":"https:\/\/caracolvan.com\/fr\/wp-json\/wp\/v2\/comments?post=14413"}],"version-history":[{"count":1,"href":"https:\/\/caracolvan.com\/fr\/wp-json\/wp\/v2\/pages\/14413\/revisions"}],"predecessor-version":[{"id":14419,"href":"https:\/\/caracolvan.com\/fr\/wp-json\/wp\/v2\/pages\/14413\/revisions\/14419"}],"wp:attachment":[{"href":"https:\/\/caracolvan.com\/fr\/wp-json\/wp\/v2\/media?parent=14413"}],"curies":[{"name":"wp","href":"https:\/\/api.w.org\/{rel}","templated":true}]}}