{"id":6570,"date":"2018-02-12T11:38:28","date_gmt":"2018-02-12T11:38:28","guid":{"rendered":"https:\/\/www.caracolvan.com\/aviso-legal\/"},"modified":"2023-06-26T09:36:04","modified_gmt":"2023-06-26T07:36:04","slug":"mentions-legales","status":"publish","type":"page","link":"https:\/\/caracolvan.com\/fr\/mentions-legales\/","title":{"rendered":"Avis juridique"},"content":{"rendered":"<div class=\"fusion-fullwidth fullwidth-box fusion-builder-row-1 fusion-flex-container has-pattern-background has-mask-background nonhundred-percent-fullwidth non-hundred-percent-height-scrolling\" style=\"--awb-border-radius-top-left:0px;--awb-border-radius-top-right:0px;--awb-border-radius-bottom-right:0px;--awb-border-radius-bottom-left:0px;--awb-padding-top:150px;--awb-flex-wrap:wrap;\" ><div class=\"fusion-builder-row fusion-row fusion-flex-align-items-flex-start fusion-flex-content-wrap\" style=\"max-width:1248px;margin-left: calc(-4% \/ 2 );margin-right: calc(-4% \/ 2 );\"><div class=\"fusion-layout-column fusion_builder_column fusion-builder-column-0 fusion_builder_column_1_1 1_1 fusion-flex-column\" style=\"--awb-padding-top:50px;--awb-padding-bottom:50px;--awb-bg-blend:overlay;--awb-bg-size:cover;--awb-width-large:100%;--awb-margin-top-large:0px;--awb-spacing-right-large:1.92%;--awb-margin-bottom-large:0px;--awb-spacing-left-large:1.92%;--awb-width-medium:100%;--awb-spacing-right-medium:1.92%;--awb-spacing-left-medium:1.92%;--awb-width-small:100%;--awb-spacing-right-small:1.92%;--awb-spacing-left-small:1.92%;\"><div class=\"fusion-column-wrapper fusion-flex-justify-content-flex-start fusion-content-layout-column\"><div class=\"fusion-text fusion-text-1\"><h3 style=\"text-align: center;\">Avis juridique<\/h3>\n<p>&nbsp;<\/p>\n<p><strong>OBJET<\/strong><\/p>\n<p>Le fournisseur, responsable du site Web, met ce document \u00e0 la disposition des utilisateurs avec lesquels il a l'intention de se conformer aux obligations \u00e9nonc\u00e9es dans la loi 34\/2002, sur les services de la soci\u00e9t\u00e9 de l'information et du commerce \u00e9lectronique (LSSI-CE), ainsi que d'informer tous les utilisateurs du site concernant les conditions d'utilisation du site.<\/p>\n<p>Toute personne qui acc\u00e8de \u00e0 ce site Web assume le r\u00f4le d'utilisateur, s'engageant \u00e0 observer et \u00e0 respecter strictement les dispositions \u00e9nonc\u00e9es dans les pr\u00e9sentes, ainsi que toute autre disposition l\u00e9gale applicable.<\/p>\n<p>Le fournisseur se r\u00e9serve le droit de modifier tout type d'informations pouvant appara\u00eetre sur le site Web, sans qu'il y ait aucune obligation de notifier ou d'informer les utilisateurs de ces obligations, \u00e9tant entendu comme suffisant avec la publication sur le site Web du fournisseur.<\/p>\n<p><strong>RESPONSABILIT\u00c9<\/strong><\/p>\n<p>Le fournisseur est exon\u00e9r\u00e9 de tout type de responsabilit\u00e9 d\u00e9coulant des informations publi\u00e9es sur son site Web, \u00e0 condition que ces informations aient \u00e9t\u00e9 manipul\u00e9es ou introduites par un tiers ext\u00e9rieur \u00e0 celui-ci. Il est \u00e9galement exon\u00e9r\u00e9 de toute responsabilit\u00e9 en cas d'erreur typographique ou de programmation alt\u00e9rant le bon fonctionnement du site.<\/p>\n<p>Le site Web du fournisseur peut utiliser des cookies (petits fichiers d'informations que le serveur envoie \u00e0 l'ordinateur de la personne acc\u00e9dant \u00e0 la page) pour ex\u00e9cuter certaines fonctions consid\u00e9r\u00e9es comme essentielles au bon fonctionnement et \u00e0 l'affichage du site. Les cookies utilis\u00e9s sur le site sont, en tout \u00e9tat de cause, temporaires dans le seul but de rendre plus efficace leur transmission ult\u00e9rieure et disparaissent \u00e0 la fin de la session de l'utilisateur. En aucun cas les cookies ne seront utilis\u00e9s pour collecter des informations personnelles.<\/p>\n<p>Depuis le site du client, il est possible d'\u00eatre redirig\u00e9 vers des contenus de sites tiers. \u00c9tant donn\u00e9 que le fournisseur ne peut pas toujours contr\u00f4ler le contenu saisi par des tiers sur leurs sites Web, il n'assume aucun type de responsabilit\u00e9 \u00e0 l'\u00e9gard de ce contenu. Dans tous les cas, le fournisseur d\u00e9clare qu'il proc\u00e9dera au retrait imm\u00e9diat de tout contenu qui pourrait contrevenir \u00e0 la l\u00e9gislation nationale ou internationale, aux bonnes m\u0153urs ou \u00e0 l'ordre public, en proc\u00e9dant au retrait imm\u00e9diat de la redirection vers ledit site Web, en informant les autorit\u00e9s comp\u00e9tentes du contenu dans question.<\/p>\n<p>Le fournisseur n'est pas responsable des informations et du contenu stock\u00e9s, \u00e0 titre d'exemple mais non limitatif, dans les forums, les chats, les g\u00e9n\u00e9rateurs de blogs, les commentaires, les r\u00e9seaux sociaux ou tout autre moyen permettant \u00e0 des tiers de publier du contenu de mani\u00e8re ind\u00e9pendante sur le site Web du fournisseur. Nonobstant, et dans le respect des dispositions de l'art. 11 et 16 de la LSSI-CE, le prestataire se met \u00e0 la disposition de tous les utilisateurs, autorit\u00e9s et forces de s\u00e9curit\u00e9, et collabore activement au retrait ou au blocage de tout contenu qui pourrait affecter ou contrevenir \u00e0 la l\u00e9gislation nationale, ou internationale, sur les droits des tiers les partis ou la morale et l'ordre public. Dans le cas o\u00f9 l'utilisateur consid\u00e8re qu'il y a du contenu sur le site Web qui est susceptible de cette classification, veuillez en informer imm\u00e9diatement l'administrateur du site Web.<\/p>\n<p>Ce site Web a \u00e9t\u00e9 r\u00e9vis\u00e9 et test\u00e9 pour fonctionner correctement. En principe, un fonctionnement correct peut \u00eatre garanti 365 jours par an, 24 heures sur 24. Cependant, le fournisseur n'exclut pas la possibilit\u00e9 qu'il y ait certaines erreurs de programmation, ou que des cas de force majeure, des catastrophes naturelles, des gr\u00e8ves ou des circonstances similaires se produisent qui rendent l'acc\u00e8s au site Web impossible.<\/p>\n<p><strong>PROTECTION DES DONN\u00c9ES PERSONNELLES<\/strong><\/p>\n<p>Conform\u00e9ment aux dispositions de la loi organique 15\/1999 sur la protection des donn\u00e9es personnelles (LOPD) et de ses r\u00e8gles de d\u00e9veloppement, le responsable du site Web, conform\u00e9ment aux dispositions de l'art. 5 et 6 de la LOPD, informe tous les utilisateurs du site Web qui fournissent ou vont fournir leurs donn\u00e9es personnelles, que celles-ci seront incorpor\u00e9es dans un fichier automatis\u00e9 d\u00fbment enregistr\u00e9 aupr\u00e8s de l'Agence espagnole de protection des donn\u00e9es.<\/p>\n<p>Les Utilisateurs, en cochant la case, acceptent express\u00e9ment, librement et sans \u00e9quivoque que leurs donn\u00e9es personnelles soient trait\u00e9es par le prestataire aux fins suivantes :<\/p>\n<p>Remise de communications publicitaires commerciales par e-mail, fax, SMS, MMS, communaut\u00e9s sociales ou tout autre moyen \u00e9lectronique ou physique, pr\u00e9sent ou futur, permettant de r\u00e9aliser des communications commerciales. Ces communications commerciales seront li\u00e9es aux produits ou services offerts par le fournisseur, ainsi que par les collaborateurs ou partenaires avec lesquels il a conclu un accord de promotion commerciale aupr\u00e8s de ses clients. Dans ce cas, les tiers n'auront jamais acc\u00e8s aux donn\u00e9es personnelles. Dans tous les cas, les communications commerciales seront effectu\u00e9es par le fournisseur et concerneront des produits et services li\u00e9s au secteur du fournisseur.<br \/>\nR\u00e9aliser des \u00e9tudes statistiques.<br \/>\nTraiter les commandes, les demandes ou tout type de demande faite par l'utilisateur via l'un des formulaires de contact mis \u00e0 la disposition de l'utilisateur sur le site Web de la soci\u00e9t\u00e9.<br \/>\nFaire suivre la newsletter sur le site.<\/p>\n<p>Le fournisseur informe et garantit express\u00e9ment aux utilisateurs que leurs donn\u00e9es personnelles ne seront en aucun cas transf\u00e9r\u00e9es \u00e0 des soci\u00e9t\u00e9s tierces, et que chaque fois que tout type de transfert de donn\u00e9es personnelles doit \u00eatre effectu\u00e9, un consentement pr\u00e9alable, expr\u00e8s et \u00e9clair\u00e9 sera demand\u00e9. et sans \u00e9quivoque par les gros titres.<\/p>\n<p>Toutes les donn\u00e9es demand\u00e9es via le site Web sont obligatoires, car elles sont n\u00e9cessaires \u00e0 la fourniture d'un service optimal \u00e0 l'utilisateur. Dans le cas o\u00f9 toutes les donn\u00e9es ne sont pas fournies, le fournisseur ne garantit pas que les informations et les services fournis sont parfaitement adapt\u00e9s \u00e0 vos besoins.<\/p>\n<p>Le fournisseur garantit dans tous les cas \u00e0 l'utilisateur l'exercice des droits d'acc\u00e8s, de rectification, d'annulation, d'information et d'opposition, dans les termes pr\u00e9vus par la l\u00e9gislation en vigueur. Par cons\u00e9quent, conform\u00e9ment aux dispositions de la loi organique 15\/1999 sur la protection des donn\u00e9es personnelles (LOPD), vous pouvez exercer vos droits en envoyant une demande expresse, accompagn\u00e9e d'une copie de votre pi\u00e8ce d'identit\u00e9, par les moyens suivants :<\/p>\n<p>E-Mail: caracolvan@caracolvan.com<br \/>\nCourrier postal : C\/Camar\u00f3n, 30. 11500. Le port de Santa Maria. C\u00e1diz.<\/p>\n<p>De m\u00eame, l'utilisateur peut se d\u00e9sabonner de l'un des services d'abonnement fournis en cliquant sur la section de d\u00e9sabonnement de tous les e-mails envoy\u00e9s par le fournisseur.<\/p>\n<p>De la m\u00eame mani\u00e8re, le fournisseur a adopt\u00e9 toutes les mesures techniques et organisationnelles n\u00e9cessaires pour garantir la s\u00e9curit\u00e9 et l'int\u00e9grit\u00e9 des donn\u00e9es personnelles qu'il traite, ainsi que pour emp\u00eacher leur perte, alt\u00e9ration et\/ou acc\u00e8s par des tiers non autoris\u00e9s.<\/p>\n<p><strong>\u00c0 PROPOS DE L'UTILISATION DU SITE WEB<\/strong><\/p>\n<p>I. UTILISATION DES COOKIES ET DU DOSSIER D'ACTIVIT\u00c9<\/p>\n<p>Le fournisseur, pour son propre compte ou celui d'un tiers engag\u00e9 pour fournir des services de mesure, peut utiliser des cookies lorsqu'un utilisateur navigue sur le site Web. Les cookies sont des fichiers envoy\u00e9s au navigateur par l'interm\u00e9diaire d'un serveur Web dans le but d'enregistrer les activit\u00e9s de l'utilisateur pendant son temps de navigation.<\/p>\n<p>Les cookies utilis\u00e9s par le site Web sont uniquement associ\u00e9s \u00e0 un utilisateur anonyme et \u00e0 son ordinateur et ne fournissent pas eux-m\u00eames les donn\u00e9es personnelles de l'utilisateur.<\/p>\n<p>Gr\u00e2ce \u00e0 l'utilisation de cookies, il est possible que le serveur sur lequel se trouve le site Web reconnaisse le navigateur Web utilis\u00e9 par l'utilisateur afin de faciliter la navigation, en permettant, par exemple, l'acc\u00e8s aux utilisateurs qui se sont pr\u00e9alablement enregistr\u00e9s, acc\u00e9der aux zones , services, promotions ou concours qui leur sont exclusivement r\u00e9serv\u00e9s sans avoir \u00e0 s'inscrire \u00e0 chaque visite. Ils sont \u00e9galement utilis\u00e9s pour mesurer l'audience et les param\u00e8tres de trafic, contr\u00f4ler la progression et le nombre d'entr\u00e9es.<\/p>\n<p>L'utilisateur a la possibilit\u00e9 de configurer son navigateur pour \u00eatre averti de la r\u00e9ception de cookies et emp\u00eacher leur installation sur son \u00e9quipement. Veuillez consulter les instructions et les manuels de votre navigateur pour plus d'informations. Pour utiliser le site Web, il n'est pas n\u00e9cessaire que l'utilisateur autorise l'installation de cookies envoy\u00e9s par le site Web, ou le tiers agissant en son nom, nonobstant le fait qu'il soit n\u00e9cessaire que l'utilisateur se connecte en tant que tel \u00e0 chacun d'entre eux. .des services dont la fourniture n\u00e9cessite un enregistrement pr\u00e9alable ou \"login\".<\/p>\n<p>Les cookies utilis\u00e9s sur ce site sont, en tout \u00e9tat de cause, temporaires dans le seul but de rendre plus efficace leur transmission ult\u00e9rieure. En aucun cas les cookies ne seront utilis\u00e9s pour collecter des informations personnelles.<\/p>\n<p>II. ADRESSES IP<\/p>\n<p>Les serveurs du site Web peuvent d\u00e9tecter automatiquement l'adresse IP et le nom de domaine utilis\u00e9s par l'utilisateur. Une adresse IP est un num\u00e9ro attribu\u00e9 automatiquement \u00e0 un ordinateur lorsqu'il se connecte \u00e0 Internet. Toutes ces informations sont enregistr\u00e9es dans un fichier d'activit\u00e9 du serveur d\u00fbment enregistr\u00e9 qui permet le traitement ult\u00e9rieur des donn\u00e9es afin d'obtenir uniquement des mesures statistiques permettant de conna\u00eetre le nombre d'impressions de pages, le nombre de visites effectu\u00e9es sur les services Web, l'ordre des visites, le point d'acc\u00e8s, etc.<\/p>\n<p>III. S\u00c9CURIT\u00c9<\/p>\n<p>Le site Web utilise des techniques de s\u00e9curit\u00e9 de l'information g\u00e9n\u00e9ralement accept\u00e9es dans l'industrie, telles que des pare-feu, des proc\u00e9dures de contr\u00f4le d'acc\u00e8s et des m\u00e9canismes cryptographiques, le tout afin d'emp\u00eacher l'acc\u00e8s non autoris\u00e9 aux donn\u00e9es. Pour atteindre ces objectifs, l'utilisateur\/client accepte que le fournisseur obtienne des donn\u00e9es aux fins de l'authentification correspondante des contr\u00f4les d'acc\u00e8s. Tout processus contractuel ou impliquant l'introduction de donn\u00e9es personnelles de haute nature (sant\u00e9, id\u00e9ologie,...) sera toujours transmis via un protocole de communication s\u00e9curis\u00e9 (Https:\/\/,...), de mani\u00e8re \u00e0 ce qu'aucun tiers a acc\u00e8s aux informations transmises par voie \u00e9lectronique.<\/p>\n<p><strong>PROPRI\u00c9T\u00c9 INTELLECTUELLE ET INDUSTRIELLE<\/strong><\/p>\n<p>Le site Web, y compris, mais sans s'y limiter, sa programmation, son \u00e9dition, sa compilation et d'autres \u00e9l\u00e9ments n\u00e9cessaires \u00e0 son fonctionnement, les dessins, logos, textes et\/ou graphiques sont la propri\u00e9t\u00e9 du fournisseur ou, le cas \u00e9ch\u00e9ant, disposent d'une licence ou d'une autorisation expresse de partie des auteurs. Tous les contenus du site Web sont d\u00fbment prot\u00e9g\u00e9s par les r\u00e9glementations en mati\u00e8re de propri\u00e9t\u00e9 intellectuelle et industrielle, ainsi qu'enregistr\u00e9s dans les registres publics correspondants.<\/p>\n<p>Quelle que soit la finalit\u00e9 \u00e0 laquelle ils sont destin\u00e9s, la reproduction totale ou partielle, l'utilisation, l'exploitation, la diffusion et la commercialisation, n\u00e9cessite en tout \u00e9tat de cause l'autorisation \u00e9crite pr\u00e9alable du prestataire. Toute utilisation non pr\u00e9alablement autoris\u00e9e par le fournisseur sera consid\u00e9r\u00e9e comme une violation grave des droits de propri\u00e9t\u00e9 intellectuelle ou industrielle de l'auteur.<\/p>\n<p>Les dessins, logos, textes et\/ou graphiques ext\u00e9rieurs au fournisseur et pouvant appara\u00eetre sur le site Web appartiennent \u00e0 leurs propri\u00e9taires respectifs, \u00e9tant eux-m\u00eames responsables de toute controverse \u00e9ventuelle pouvant survenir \u00e0 leur sujet. En tout \u00e9tat de cause, le prestataire dispose de l'autorisation expresse et pr\u00e9alable de leur part.<\/p>\n<p>Le fournisseur autorise express\u00e9ment les tiers \u00e0 rediriger directement vers le contenu sp\u00e9cifique du site Web et doit en tout cas rediriger vers le site Web principal du fournisseur.<\/p>\n<p>Le fournisseur reconna\u00eet en faveur de leurs titulaires les droits de propri\u00e9t\u00e9 industrielle et intellectuelle correspondants, leur simple mention ou apparition sur le site n'impliquant pas l'existence de droits ou aucune responsabilit\u00e9 du fournisseur sur eux, ni approbation, parrainage ou recommandation par le m\u00eame. Pour faire tout type d'observation concernant d'\u00e9ventuelles violations des droits de propri\u00e9t\u00e9 intellectuelle ou industrielle, ainsi que de tout contenu du site Web, vous pouvez le faire par courrier \u00e9lectronique.<\/p>\n<p><strong>LOI APPLICABLE ET JURIDICTION<\/strong><\/p>\n<p>Pour la r\u00e9solution de tous les litiges ou probl\u00e8mes li\u00e9s \u00e0 ce site Web ou aux activit\u00e9s qui y sont men\u00e9es, la l\u00e9gislation espagnole s'appliquera, \u00e0 laquelle les parties se soumettent express\u00e9ment, \u00e9tant comp\u00e9tentes pour r\u00e9soudre tous les litiges d\u00e9coulant ou li\u00e9s \u00e0 son utilisation les Cours et Tribunaux de Cadix .<\/p>\n<p>Nom commercial : Caracolvan. Nom de l'entreprise : I.F.B. Si\u00e8ge social : C\/Camar\u00f3n, 30. Le Port de St. Mar\u00eda, C\u00e1diz. NIF : 12 758 083 Y. T\u00e9l\u00e9phone : 956 562 809. e-mail : caracolvan@caracolvan.com. Nom de domaine : www.caracolvan.com<\/p>\n<\/div><\/div><\/div><\/div><\/div>\n","protected":false},"excerpt":{"rendered":"","protected":false},"author":4,"featured_media":0,"parent":0,"menu_order":0,"comment_status":"closed","ping_status":"closed","template":"","meta":{"_joinchat":[],"footnotes":""},"class_list":["post-6570","page","type-page","status-publish","hentry"],"yoast_head":"<!-- This site is optimized with the Yoast SEO Premium plugin v27.2 (Yoast SEO v27.2) - https:\/\/yoast.com\/product\/yoast-seo-premium-wordpress\/ -->\n<title>Avis juridique - Alquiler Camper Rental - Caracolvan<\/title>\n<meta name=\"robots\" content=\"index, follow, max-snippet:-1, max-image-preview:large, max-video-preview:-1\" \/>\n<link rel=\"canonical\" href=\"https:\/\/caracolvan.com\/fr\/mentions-legales\/\" \/>\n<meta property=\"og:locale\" content=\"fr_FR\" \/>\n<meta property=\"og:type\" content=\"article\" \/>\n<meta property=\"og:title\" content=\"Avis juridique\" \/>\n<meta property=\"og:url\" content=\"https:\/\/caracolvan.com\/fr\/mentions-legales\/\" \/>\n<meta property=\"og:site_name\" content=\"Alquiler Camper Rental - Caracolvan\" \/>\n<meta property=\"article:publisher\" content=\"https:\/\/www.facebook.com\/Caracolvan\/\" \/>\n<meta property=\"article:modified_time\" content=\"2023-06-26T07:36:04+00:00\" \/>\n<meta property=\"og:image\" content=\"https:\/\/caracolvan.com\/wp-content\/uploads\/2018\/05\/logo-caracolvan-2018.jpg\" \/>\n\t<meta property=\"og:image:width\" content=\"800\" \/>\n\t<meta property=\"og:image:height\" content=\"550\" \/>\n\t<meta property=\"og:image:type\" content=\"image\/jpeg\" \/>\n<meta name=\"twitter:card\" content=\"summary_large_image\" \/>\n<meta name=\"twitter:site\" content=\"@Caracolvan\" \/>\n<meta name=\"twitter:label1\" content=\"Dur\u00e9e de lecture estim\u00e9e\" \/>\n\t<meta name=\"twitter:data1\" content=\"13 minutes\" \/>\n<script type=\"application\/ld+json\" class=\"yoast-schema-graph\">{\"@context\":\"https:\/\/schema.org\",\"@graph\":[{\"@type\":\"WebPage\",\"@id\":\"https:\/\/caracolvan.com\/fr\/mentions-legales\/\",\"url\":\"https:\/\/caracolvan.com\/fr\/mentions-legales\/\",\"name\":\"Avis juridique - Alquiler Camper Rental - Caracolvan\",\"isPartOf\":{\"@id\":\"https:\/\/caracolvan.com\/fr\/#website\"},\"datePublished\":\"2018-02-12T11:38:28+00:00\",\"dateModified\":\"2023-06-26T07:36:04+00:00\",\"breadcrumb\":{\"@id\":\"https:\/\/caracolvan.com\/fr\/mentions-legales\/#breadcrumb\"},\"inLanguage\":\"fr-FR\",\"potentialAction\":[{\"@type\":\"ReadAction\",\"target\":[\"https:\/\/caracolvan.com\/fr\/mentions-legales\/\"]}]},{\"@type\":\"BreadcrumbList\",\"@id\":\"https:\/\/caracolvan.com\/fr\/mentions-legales\/#breadcrumb\",\"itemListElement\":[{\"@type\":\"ListItem\",\"position\":1,\"name\":\"Portada\",\"item\":\"https:\/\/caracolvan.com\/fr\/\"},{\"@type\":\"ListItem\",\"position\":2,\"name\":\"Avis juridique\"}]},{\"@type\":\"WebSite\",\"@id\":\"https:\/\/caracolvan.com\/fr\/#website\",\"url\":\"https:\/\/caracolvan.com\/fr\/\",\"name\":\"Alquiler Camper Rental - Caracolvan\",\"description\":\"Alquiler de furgonetas camper y autocaravanas\",\"publisher\":{\"@id\":\"https:\/\/caracolvan.com\/fr\/#organization\"},\"potentialAction\":[{\"@type\":\"SearchAction\",\"target\":{\"@type\":\"EntryPoint\",\"urlTemplate\":\"https:\/\/caracolvan.com\/fr\/?s={search_term_string}\"},\"query-input\":{\"@type\":\"PropertyValueSpecification\",\"valueRequired\":true,\"valueName\":\"search_term_string\"}}],\"inLanguage\":\"fr-FR\"},{\"@type\":\"Organization\",\"@id\":\"https:\/\/caracolvan.com\/fr\/#organization\",\"name\":\"Caracolvan\",\"url\":\"https:\/\/caracolvan.com\/fr\/\",\"logo\":{\"@type\":\"ImageObject\",\"inLanguage\":\"fr-FR\",\"@id\":\"https:\/\/caracolvan.com\/fr\/#\/schema\/logo\/image\/\",\"url\":\"https:\/\/caracolvan.com\/wp-content\/uploads\/2023\/08\/caracolvan-logotipo.jpg\",\"contentUrl\":\"https:\/\/caracolvan.com\/wp-content\/uploads\/2023\/08\/caracolvan-logotipo.jpg\",\"width\":696,\"height\":696,\"caption\":\"Caracolvan\"},\"image\":{\"@id\":\"https:\/\/caracolvan.com\/fr\/#\/schema\/logo\/image\/\"},\"sameAs\":[\"https:\/\/www.facebook.com\/Caracolvan\/\",\"https:\/\/x.com\/Caracolvan\"]}]}<\/script>\n<!-- \/ Yoast SEO Premium plugin. -->","yoast_head_json":{"title":"Avis juridique - Alquiler Camper Rental - Caracolvan","robots":{"index":"index","follow":"follow","max-snippet":"max-snippet:-1","max-image-preview":"max-image-preview:large","max-video-preview":"max-video-preview:-1"},"canonical":"https:\/\/caracolvan.com\/fr\/mentions-legales\/","og_locale":"fr_FR","og_type":"article","og_title":"Avis juridique","og_url":"https:\/\/caracolvan.com\/fr\/mentions-legales\/","og_site_name":"Alquiler Camper Rental - Caracolvan","article_publisher":"https:\/\/www.facebook.com\/Caracolvan\/","article_modified_time":"2023-06-26T07:36:04+00:00","og_image":[{"width":800,"height":550,"url":"https:\/\/caracolvan.com\/wp-content\/uploads\/2018\/05\/logo-caracolvan-2018.jpg","type":"image\/jpeg"}],"twitter_card":"summary_large_image","twitter_site":"@Caracolvan","twitter_misc":{"Dur\u00e9e de lecture estim\u00e9e":"13 minutes"},"schema":{"@context":"https:\/\/schema.org","@graph":[{"@type":"WebPage","@id":"https:\/\/caracolvan.com\/fr\/mentions-legales\/","url":"https:\/\/caracolvan.com\/fr\/mentions-legales\/","name":"Avis juridique - Alquiler Camper Rental - Caracolvan","isPartOf":{"@id":"https:\/\/caracolvan.com\/fr\/#website"},"datePublished":"2018-02-12T11:38:28+00:00","dateModified":"2023-06-26T07:36:04+00:00","breadcrumb":{"@id":"https:\/\/caracolvan.com\/fr\/mentions-legales\/#breadcrumb"},"inLanguage":"fr-FR","potentialAction":[{"@type":"ReadAction","target":["https:\/\/caracolvan.com\/fr\/mentions-legales\/"]}]},{"@type":"BreadcrumbList","@id":"https:\/\/caracolvan.com\/fr\/mentions-legales\/#breadcrumb","itemListElement":[{"@type":"ListItem","position":1,"name":"Portada","item":"https:\/\/caracolvan.com\/fr\/"},{"@type":"ListItem","position":2,"name":"Avis juridique"}]},{"@type":"WebSite","@id":"https:\/\/caracolvan.com\/fr\/#website","url":"https:\/\/caracolvan.com\/fr\/","name":"Alquiler Camper Rental - Caracolvan","description":"Alquiler de furgonetas camper y autocaravanas","publisher":{"@id":"https:\/\/caracolvan.com\/fr\/#organization"},"potentialAction":[{"@type":"SearchAction","target":{"@type":"EntryPoint","urlTemplate":"https:\/\/caracolvan.com\/fr\/?s={search_term_string}"},"query-input":{"@type":"PropertyValueSpecification","valueRequired":true,"valueName":"search_term_string"}}],"inLanguage":"fr-FR"},{"@type":"Organization","@id":"https:\/\/caracolvan.com\/fr\/#organization","name":"Caracolvan","url":"https:\/\/caracolvan.com\/fr\/","logo":{"@type":"ImageObject","inLanguage":"fr-FR","@id":"https:\/\/caracolvan.com\/fr\/#\/schema\/logo\/image\/","url":"https:\/\/caracolvan.com\/wp-content\/uploads\/2023\/08\/caracolvan-logotipo.jpg","contentUrl":"https:\/\/caracolvan.com\/wp-content\/uploads\/2023\/08\/caracolvan-logotipo.jpg","width":696,"height":696,"caption":"Caracolvan"},"image":{"@id":"https:\/\/caracolvan.com\/fr\/#\/schema\/logo\/image\/"},"sameAs":["https:\/\/www.facebook.com\/Caracolvan\/","https:\/\/x.com\/Caracolvan"]}]}},"_links":{"self":[{"href":"https:\/\/caracolvan.com\/fr\/wp-json\/wp\/v2\/pages\/6570","targetHints":{"allow":["GET"]}}],"collection":[{"href":"https:\/\/caracolvan.com\/fr\/wp-json\/wp\/v2\/pages"}],"about":[{"href":"https:\/\/caracolvan.com\/fr\/wp-json\/wp\/v2\/types\/page"}],"author":[{"embeddable":true,"href":"https:\/\/caracolvan.com\/fr\/wp-json\/wp\/v2\/users\/4"}],"replies":[{"embeddable":true,"href":"https:\/\/caracolvan.com\/fr\/wp-json\/wp\/v2\/comments?post=6570"}],"version-history":[{"count":4,"href":"https:\/\/caracolvan.com\/fr\/wp-json\/wp\/v2\/pages\/6570\/revisions"}],"predecessor-version":[{"id":14277,"href":"https:\/\/caracolvan.com\/fr\/wp-json\/wp\/v2\/pages\/6570\/revisions\/14277"}],"wp:attachment":[{"href":"https:\/\/caracolvan.com\/fr\/wp-json\/wp\/v2\/media?parent=6570"}],"curies":[{"name":"wp","href":"https:\/\/api.w.org\/{rel}","templated":true}]}}