{"id":7099,"date":"2018-05-14T10:27:26","date_gmt":"2018-05-14T10:27:26","guid":{"rendered":"https:\/\/www.caracolvan.com\/comentarios-y-opiniones\/"},"modified":"2018-05-28T08:13:26","modified_gmt":"2018-05-28T08:13:26","slug":"commentaires-et-opinions","status":"publish","type":"page","link":"https:\/\/caracolvan.com\/fr\/commentaires-et-opinions\/","title":{"rendered":"Commentaires et opinions"},"content":{"rendered":"<p>[vc_row full_width=\"stretch_row\" css=\".vc_custom_1526378419079{margin-bottom: 40px !important;padding-top: 50px !important;padding-bottom: 30px !important;background-color: #f3f3f3 !important;}\"][vc_column][vc_text_separator title=\"Ce que disent de nous nos #caracolvaners\" color=\"black\"][vc_column_text]<\/p>\n<p style=\"text-align: center;\">Si vous voulez d\u00e9couvrir ce que c\u2019est que de voyager dans l\u2019un de nos <strong>camping-cars en location<\/strong>, jetez donc un coup d\u2019\u0153il \u00e0 ce que pensent nos clients suite \u00e0 leur \"E<strong>xp\u00e9rience Camper\"<\/strong> . Tous les t\u00e9moignages sont v\u00e9ridiques et nos \u00ab\u00a0caracolvaners\u00a0\u00bb en ont profit\u00e9 \u00e0 fond\u00a0! Vous pouvez retrouver toutes les photos et les notes donn\u00e9es par nos clients sur Facebook et sur Google +. Un grand merci \u00e0 tous\u00a0!<\/p>\n<p style=\"text-align: center;\"><strong>#caracolvaners #5etoiles #histoirescamper #<span id=\"result_box\" class=\"short_text\" lang=\"fr\"><span class=\"\">noustaimons<\/span><\/span><\/strong><\/p>\n<p>[\/vc_column_text][vc_btn title=\" Voir plus sur Facebook\" style=\"flat\" shape=\"square\" color=\"success\" size=\"sm\" align=\"center\" link=\"url:https%3A%2F%2Fwww.facebook.com%2Fpg%2FCaracolVan%2Fphotos%2F%3Ftab%3Dalbum%26album_id%3D492154327477439||target:%20_blank|\"][\/vc_column][\/vc_row][vc_row equal_height=\"yes\" content_placement=\"middle\"][vc_column width=\"1\/3\"][vc_single_image image=\"7102\" img_size=\"large\" style=\"vc_box_circle_2\" onclick=\"link_image\"][\/vc_column][vc_column width=\"2\/3\"][vc_column_text el_class=\"caracolvan-testimonial-header\"]<\/p>\n<h4>Cedric, Delphine and Mayra.<\/h4>\n<h5>Perpignan. Novembre 2016<\/h5>\n<p>[\/vc_column_text][vc_column_text el_class=\"caracolvan-testimonial\"]<\/p>\n<p style=\"text-align: left;\">\u201cLes prestations de Caracolvan sont supers et la \u201cfurgo\u201d, une merveille, compl\u00e8tement \u00e9quip\u00e9e. Comme ils disent \u201cTu auras juste besoin de prendre tes v\u00eatements\u201d! On recommande Caracolvan pour ceux qui aiment ce genre de tourisme!!\u201d<\/p>\n<p>[\/vc_column_text][\/vc_column][\/vc_row][vc_row equal_height=\"yes\" content_placement=\"middle\"][vc_column width=\"1\/3\"][vc_single_image image=\"7106\" img_size=\"large\" style=\"vc_box_circle_2\" onclick=\"link_image\"][\/vc_column][vc_column width=\"2\/3\"][vc_column_text el_class=\"caracolvan-testimonial-header\"]<\/p>\n<h4>C\u00e9sar, Jer\u00f4me Leroy and family.<\/h4>\n<h5>Montpellier. Novembre 2016<\/h5>\n<p>[\/vc_column_text][vc_column_text el_class=\"caracolvan-testimonial\"]<\/p>\n<p style=\"text-align: left;\">\u201cNous avons pass\u00e9 quelques jours en famille dans ce \u201ccamper\u201d le long de la c\u00f4te de Cadix. Une exp\u00e9rience que l\u2019on recommande. Un plaisir de le conduire et d\u2019en profiter!\u201d<\/p>\n<p>[\/vc_column_text][\/vc_column][\/vc_row][vc_row equal_height=\"yes\" content_placement=\"middle\"][vc_column width=\"1\/3\"][vc_single_image image=\"7110\" img_size=\"large\" style=\"vc_box_circle_2\" onclick=\"link_image\"][\/vc_column][vc_column width=\"2\/3\"][vc_column_text el_class=\"caracolvan-testimonial-header\"]<\/p>\n<h4>Anne et Benjamin.<\/h4>\n<h5>Toulouse, France. Juin 2016.<\/h5>\n<p>[\/vc_column_text][vc_column_text el_class=\"caracolvan-testimonial\"]<\/p>\n<p style=\"text-align: left;\">\u201cMerci \u00e0 Nacho et au superbe Fiat Ducato, avec son \u00e9quipement g\u00e9nial ultra confort et \u00e0 la fois sobre et pas trop \"camping-car\" de l'ext\u00e9rieur. Semaine dans les Alpujaras et au Cabo de gata, avec des emplacements de camping ultra isol\u00e9s et magnifiques.<br \/>\nUn grand merci \u00e0 Nacho<br \/>\nA recommander\u201d<\/p>\n<p>[\/vc_column_text][\/vc_column][\/vc_row][vc_row equal_height=\"yes\" content_placement=\"middle\"][vc_column width=\"1\/3\"][vc_single_image image=\"7114\" img_size=\"large\" style=\"vc_box_circle_2\" onclick=\"link_image\"][\/vc_column][vc_column width=\"2\/3\"][vc_column_text el_class=\"caracolvan-testimonial-header\"]<\/p>\n<h4>Simone &amp; Dona.<\/h4>\n<h5>France. Algarve. Mai 2016<\/h5>\n<p>[\/vc_column_text][vc_column_text el_class=\"caracolvan-testimonial\"]<\/p>\n<p style=\"text-align: left;\">\u201cCompl\u00e8tement recommandable. Une excelente exp\u00e9rience de vie et l\u2019accueil de Nacho ne pouvait pas \u00eatre mieux.\u201d<\/p>\n<p>[\/vc_column_text][\/vc_column][\/vc_row][vc_row equal_height=\"yes\" content_placement=\"middle\"][vc_column width=\"1\/3\"][vc_single_image image=\"7118\" img_size=\"large\" style=\"vc_box_circle_2\" onclick=\"link_image\"][\/vc_column][vc_column width=\"2\/3\"][vc_column_text el_class=\"caracolvan-testimonial-header\"]<\/p>\n<h4>Nicolas, Jessica, Ulysse et Basile.<\/h4>\n<h5>Novembre 2016<\/h5>\n<p>[\/vc_column_text][vc_column_text el_class=\"caracolvan-testimonial\"]<\/p>\n<p style=\"text-align: left;\">\u201cVoyager en \u201cfurgo\u201d c\u2019est comme aller dans un hotel \u00e0 roues\u2026<br \/>\nEt si en plus, elle est \u00e9quip\u00e9e jusqu\u2019au moindre d\u00e9tail\u2026\u201dque peut-on demander de mieux? Faire la route en \u201cfurgo\u201d c\u2019est une SUPER PLAN!\u201d<\/p>\n<p>[\/vc_column_text][\/vc_column][\/vc_row][vc_row equal_height=\"yes\" content_placement=\"middle\"][vc_column width=\"1\/3\"][vc_single_image image=\"7122\" img_size=\"large\" style=\"vc_box_circle_2\" onclick=\"link_image\"][\/vc_column][vc_column width=\"2\/3\"][vc_column_text el_class=\"caracolvan-testimonial-header\"]<\/p>\n<h4>Loic, Diego et Dal\u00ed.<\/h4>\n<h5>Bagnolet, France. F\u00e9vrier 2015.<\/h5>\n<p>[\/vc_column_text][vc_column_text el_class=\"caracolvan-testimonial\"]<\/p>\n<p style=\"text-align: left;\">\u201cF\u00e9vrier 2015, un T5 comme neuf, lou\u00e9 \u00e0 Caracolvan, remis par Nacho \u00e0 l'a\u00e9roport de S\u00e9ville, et on the road on est partis!<br \/>\nNous avons pass\u00e9, mes enfants et moi, 2 semaines fantastiques.<br \/>\nHors saison, on a eu les plus beaux paysages de l'Andalousie comme terrain de jeu!<br \/>\nPas un touriste, des locaux d\u00e9tendus, du soleil...<br \/>\nDe la montagne \u00e0 la c\u00f4te en passant par le d\u00e9sert, on s'est r\u00e9gal\u00e9s.. \u201d<\/p>\n<p>[\/vc_column_text][\/vc_column][\/vc_row][vc_row equal_height=\"yes\" content_placement=\"middle\"][vc_column width=\"1\/3\"][vc_single_image image=\"7126\" img_size=\"large\" style=\"vc_box_circle_2\" onclick=\"link_image\"][\/vc_column][vc_column width=\"2\/3\"][vc_column_text el_class=\"caracolvan-testimonial-header\"]<\/p>\n<h4>Eva et Bruno.<\/h4>\n<h5>Tarifa, C\u00e1diz. Mars 2015.<\/h5>\n<p>[\/vc_column_text][vc_column_text el_class=\"caracolvan-testimonial\"]\u201cUne exp\u00e9rience incroyable que l\u2019on a envie de revivre! D\u00e9couvrir la c\u00f4te Atlantique aux commandes de cette \u201cfurgo\u201d luxueuse, confortable et \u00e9quip\u00e9e dans les moindres d\u00e9tails. Merci Caracolvan!!\u201d[\/vc_column_text][\/vc_column][\/vc_row][vc_row][vc_column width=\"1\/3\"][\/vc_column][vc_column width=\"1\/3\"][vc_btn title=\" Voir plus sur Fb\" style=\"flat\" shape=\"square\" color=\"success\" size=\"sm\" align=\"center\" link=\"url:https%3A%2F%2Fwww.facebook.com%2Fpg%2FCaracolVan%2Fphotos%2F%3Ftab%3Dalbum%26album_id%3D492154327477439||target:%20_blank|\" button_block=\"true\"][\/vc_column][vc_column width=\"1\/3\"][\/vc_column][\/vc_row]<\/p>\n","protected":false},"excerpt":{"rendered":"<p>[vc_row full_width=\"stretch_row\" css=\".vc_custom_1526378419079{margin-bottom: 40px !important;padding-top: 50px !important;padding-bottom: 30px !important;background-color: #f3f3f3  [...]<\/p>\n","protected":false},"author":4,"featured_media":0,"parent":0,"menu_order":0,"comment_status":"closed","ping_status":"closed","template":"","meta":{"_joinchat":[],"footnotes":""},"class_list":["post-7099","page","type-page","status-publish","hentry"],"yoast_head":"<!-- This site is optimized with the Yoast SEO Premium plugin v27.2 (Yoast SEO v27.2) - https:\/\/yoast.com\/product\/yoast-seo-premium-wordpress\/ -->\n<title>Commentaires et opinions - Alquiler Camper Rental - Caracolvan<\/title>\n<meta name=\"robots\" content=\"index, follow, max-snippet:-1, max-image-preview:large, max-video-preview:-1\" \/>\n<link rel=\"canonical\" href=\"https:\/\/caracolvan.com\/fr\/commentaires-et-opinions\/\" \/>\n<meta property=\"og:locale\" content=\"fr_FR\" \/>\n<meta property=\"og:type\" content=\"article\" \/>\n<meta property=\"og:title\" content=\"Commentaires et opinions\" \/>\n<meta property=\"og:description\" content=\"[vc_row full_width=&quot;stretch_row&quot; css=&quot;.vc_custom_1526378419079{margin-bottom: 40px !important;padding-top: 50px !important;padding-bottom: 30px !important;background-color: #f3f3f3 [...]\" \/>\n<meta property=\"og:url\" content=\"https:\/\/caracolvan.com\/fr\/commentaires-et-opinions\/\" \/>\n<meta property=\"og:site_name\" content=\"Alquiler Camper Rental - Caracolvan\" \/>\n<meta property=\"article:publisher\" content=\"https:\/\/www.facebook.com\/Caracolvan\/\" \/>\n<meta property=\"article:modified_time\" content=\"2018-05-28T08:13:26+00:00\" \/>\n<meta property=\"og:image\" content=\"https:\/\/caracolvan.com\/wp-content\/uploads\/2018\/05\/logo-caracolvan-2018.jpg\" \/>\n\t<meta property=\"og:image:width\" content=\"800\" \/>\n\t<meta property=\"og:image:height\" content=\"550\" \/>\n\t<meta property=\"og:image:type\" content=\"image\/jpeg\" \/>\n<meta name=\"twitter:card\" content=\"summary_large_image\" \/>\n<meta name=\"twitter:site\" content=\"@Caracolvan\" \/>\n<meta name=\"twitter:label1\" content=\"Dur\u00e9e de lecture estim\u00e9e\" \/>\n\t<meta name=\"twitter:data1\" content=\"5 minutes\" \/>\n<script type=\"application\/ld+json\" class=\"yoast-schema-graph\">{\"@context\":\"https:\/\/schema.org\",\"@graph\":[{\"@type\":\"WebPage\",\"@id\":\"https:\/\/caracolvan.com\/fr\/commentaires-et-opinions\/\",\"url\":\"https:\/\/caracolvan.com\/fr\/commentaires-et-opinions\/\",\"name\":\"Commentaires et opinions - Alquiler Camper Rental - Caracolvan\",\"isPartOf\":{\"@id\":\"https:\/\/caracolvan.com\/fr\/#website\"},\"datePublished\":\"2018-05-14T10:27:26+00:00\",\"dateModified\":\"2018-05-28T08:13:26+00:00\",\"breadcrumb\":{\"@id\":\"https:\/\/caracolvan.com\/fr\/commentaires-et-opinions\/#breadcrumb\"},\"inLanguage\":\"fr-FR\",\"potentialAction\":[{\"@type\":\"ReadAction\",\"target\":[\"https:\/\/caracolvan.com\/fr\/commentaires-et-opinions\/\"]}]},{\"@type\":\"BreadcrumbList\",\"@id\":\"https:\/\/caracolvan.com\/fr\/commentaires-et-opinions\/#breadcrumb\",\"itemListElement\":[{\"@type\":\"ListItem\",\"position\":1,\"name\":\"Portada\",\"item\":\"https:\/\/caracolvan.com\/fr\/\"},{\"@type\":\"ListItem\",\"position\":2,\"name\":\"Commentaires et opinions\"}]},{\"@type\":\"WebSite\",\"@id\":\"https:\/\/caracolvan.com\/fr\/#website\",\"url\":\"https:\/\/caracolvan.com\/fr\/\",\"name\":\"Alquiler Camper Rental - Caracolvan\",\"description\":\"Alquiler de furgonetas camper y autocaravanas\",\"publisher\":{\"@id\":\"https:\/\/caracolvan.com\/fr\/#organization\"},\"potentialAction\":[{\"@type\":\"SearchAction\",\"target\":{\"@type\":\"EntryPoint\",\"urlTemplate\":\"https:\/\/caracolvan.com\/fr\/?s={search_term_string}\"},\"query-input\":{\"@type\":\"PropertyValueSpecification\",\"valueRequired\":true,\"valueName\":\"search_term_string\"}}],\"inLanguage\":\"fr-FR\"},{\"@type\":\"Organization\",\"@id\":\"https:\/\/caracolvan.com\/fr\/#organization\",\"name\":\"Caracolvan\",\"url\":\"https:\/\/caracolvan.com\/fr\/\",\"logo\":{\"@type\":\"ImageObject\",\"inLanguage\":\"fr-FR\",\"@id\":\"https:\/\/caracolvan.com\/fr\/#\/schema\/logo\/image\/\",\"url\":\"https:\/\/caracolvan.com\/wp-content\/uploads\/2023\/08\/caracolvan-logotipo.jpg\",\"contentUrl\":\"https:\/\/caracolvan.com\/wp-content\/uploads\/2023\/08\/caracolvan-logotipo.jpg\",\"width\":696,\"height\":696,\"caption\":\"Caracolvan\"},\"image\":{\"@id\":\"https:\/\/caracolvan.com\/fr\/#\/schema\/logo\/image\/\"},\"sameAs\":[\"https:\/\/www.facebook.com\/Caracolvan\/\",\"https:\/\/x.com\/Caracolvan\"]}]}<\/script>\n<!-- \/ Yoast SEO Premium plugin. -->","yoast_head_json":{"title":"Commentaires et opinions - Alquiler Camper Rental - Caracolvan","robots":{"index":"index","follow":"follow","max-snippet":"max-snippet:-1","max-image-preview":"max-image-preview:large","max-video-preview":"max-video-preview:-1"},"canonical":"https:\/\/caracolvan.com\/fr\/commentaires-et-opinions\/","og_locale":"fr_FR","og_type":"article","og_title":"Commentaires et opinions","og_description":"[vc_row full_width=\"stretch_row\" css=\".vc_custom_1526378419079{margin-bottom: 40px !important;padding-top: 50px !important;padding-bottom: 30px !important;background-color: #f3f3f3 [...]","og_url":"https:\/\/caracolvan.com\/fr\/commentaires-et-opinions\/","og_site_name":"Alquiler Camper Rental - Caracolvan","article_publisher":"https:\/\/www.facebook.com\/Caracolvan\/","article_modified_time":"2018-05-28T08:13:26+00:00","og_image":[{"width":800,"height":550,"url":"https:\/\/caracolvan.com\/wp-content\/uploads\/2018\/05\/logo-caracolvan-2018.jpg","type":"image\/jpeg"}],"twitter_card":"summary_large_image","twitter_site":"@Caracolvan","twitter_misc":{"Dur\u00e9e de lecture estim\u00e9e":"5 minutes"},"schema":{"@context":"https:\/\/schema.org","@graph":[{"@type":"WebPage","@id":"https:\/\/caracolvan.com\/fr\/commentaires-et-opinions\/","url":"https:\/\/caracolvan.com\/fr\/commentaires-et-opinions\/","name":"Commentaires et opinions - Alquiler Camper Rental - Caracolvan","isPartOf":{"@id":"https:\/\/caracolvan.com\/fr\/#website"},"datePublished":"2018-05-14T10:27:26+00:00","dateModified":"2018-05-28T08:13:26+00:00","breadcrumb":{"@id":"https:\/\/caracolvan.com\/fr\/commentaires-et-opinions\/#breadcrumb"},"inLanguage":"fr-FR","potentialAction":[{"@type":"ReadAction","target":["https:\/\/caracolvan.com\/fr\/commentaires-et-opinions\/"]}]},{"@type":"BreadcrumbList","@id":"https:\/\/caracolvan.com\/fr\/commentaires-et-opinions\/#breadcrumb","itemListElement":[{"@type":"ListItem","position":1,"name":"Portada","item":"https:\/\/caracolvan.com\/fr\/"},{"@type":"ListItem","position":2,"name":"Commentaires et opinions"}]},{"@type":"WebSite","@id":"https:\/\/caracolvan.com\/fr\/#website","url":"https:\/\/caracolvan.com\/fr\/","name":"Alquiler Camper Rental - Caracolvan","description":"Alquiler de furgonetas camper y autocaravanas","publisher":{"@id":"https:\/\/caracolvan.com\/fr\/#organization"},"potentialAction":[{"@type":"SearchAction","target":{"@type":"EntryPoint","urlTemplate":"https:\/\/caracolvan.com\/fr\/?s={search_term_string}"},"query-input":{"@type":"PropertyValueSpecification","valueRequired":true,"valueName":"search_term_string"}}],"inLanguage":"fr-FR"},{"@type":"Organization","@id":"https:\/\/caracolvan.com\/fr\/#organization","name":"Caracolvan","url":"https:\/\/caracolvan.com\/fr\/","logo":{"@type":"ImageObject","inLanguage":"fr-FR","@id":"https:\/\/caracolvan.com\/fr\/#\/schema\/logo\/image\/","url":"https:\/\/caracolvan.com\/wp-content\/uploads\/2023\/08\/caracolvan-logotipo.jpg","contentUrl":"https:\/\/caracolvan.com\/wp-content\/uploads\/2023\/08\/caracolvan-logotipo.jpg","width":696,"height":696,"caption":"Caracolvan"},"image":{"@id":"https:\/\/caracolvan.com\/fr\/#\/schema\/logo\/image\/"},"sameAs":["https:\/\/www.facebook.com\/Caracolvan\/","https:\/\/x.com\/Caracolvan"]}]}},"_links":{"self":[{"href":"https:\/\/caracolvan.com\/fr\/wp-json\/wp\/v2\/pages\/7099","targetHints":{"allow":["GET"]}}],"collection":[{"href":"https:\/\/caracolvan.com\/fr\/wp-json\/wp\/v2\/pages"}],"about":[{"href":"https:\/\/caracolvan.com\/fr\/wp-json\/wp\/v2\/types\/page"}],"author":[{"embeddable":true,"href":"https:\/\/caracolvan.com\/fr\/wp-json\/wp\/v2\/users\/4"}],"replies":[{"embeddable":true,"href":"https:\/\/caracolvan.com\/fr\/wp-json\/wp\/v2\/comments?post=7099"}],"version-history":[{"count":7,"href":"https:\/\/caracolvan.com\/fr\/wp-json\/wp\/v2\/pages\/7099\/revisions"}],"predecessor-version":[{"id":7206,"href":"https:\/\/caracolvan.com\/fr\/wp-json\/wp\/v2\/pages\/7099\/revisions\/7206"}],"wp:attachment":[{"href":"https:\/\/caracolvan.com\/fr\/wp-json\/wp\/v2\/media?parent=7099"}],"curies":[{"name":"wp","href":"https:\/\/api.w.org\/{rel}","templated":true}]}}